{"id":906,"date":"2024-09-20T14:23:58","date_gmt":"2024-09-20T14:23:58","guid":{"rendered":"https:\/\/trilhasdefuturo.unipac.br\/?page_id=906"},"modified":"2024-09-20T14:25:57","modified_gmt":"2024-09-20T14:25:57","slug":"tecnico-em-meio-ambiente","status":"publish","type":"page","link":"https:\/\/trilhasdefuturo.unipac.br\/tecnico-em-meio-ambiente\/","title":{"rendered":"T\u00c9CNICO EM MEIO AMBIENTE"},"content":{"rendered":"\t\t<div data-elementor-type=\"wp-page\" data-elementor-id=\"906\" class=\"elementor elementor-906\" data-elementor-post-type=\"page\">\n\t\t\t\t\t\t<section class=\"elementor-section elementor-top-section elementor-element elementor-element-8ce375b elementor-section-boxed elementor-section-height-default elementor-section-height-default wpr-particle-no wpr-jarallax-no wpr-parallax-no wpr-sticky-section-no\" data-id=\"8ce375b\" data-element_type=\"section\">\n\t\t\t\t\t\t<div class=\"elementor-container elementor-column-gap-default\">\n\t\t\t\t\t<div class=\"elementor-column elementor-col-50 elementor-top-column elementor-element elementor-element-1fd95a2\" data-id=\"1fd95a2\" data-element_type=\"column\">\n\t\t\t<div class=\"elementor-widget-wrap elementor-element-populated\">\n\t\t\t\t\t\t<div class=\"elementor-element elementor-element-bda1ba6 elementor-widget elementor-widget-image\" data-id=\"bda1ba6\" data-element_type=\"widget\" data-widget_type=\"image.default\">\n\t\t\t\t<div class=\"elementor-widget-container\">\n\t\t\t\t\t\t\t\t\t\t\t\t\t\t\t<img fetchpriority=\"high\" decoding=\"async\" width=\"800\" height=\"1000\" src=\"https:\/\/trilhasdefuturo.unipac.br\/wp-content\/uploads\/2024\/09\/meio-ambiente-post-1-819x1024.png\" class=\"attachment-large size-large wp-image-848\" alt=\"\" srcset=\"https:\/\/trilhasdefuturo.unipac.br\/wp-content\/uploads\/2024\/09\/meio-ambiente-post-1-819x1024.png 819w, https:\/\/trilhasdefuturo.unipac.br\/wp-content\/uploads\/2024\/09\/meio-ambiente-post-1-240x300.png 240w, https:\/\/trilhasdefuturo.unipac.br\/wp-content\/uploads\/2024\/09\/meio-ambiente-post-1-768x960.png 768w, https:\/\/trilhasdefuturo.unipac.br\/wp-content\/uploads\/2024\/09\/meio-ambiente-post-1.png 1080w\" sizes=\"(max-width: 800px) 100vw, 800px\" \/>\t\t\t\t\t\t\t\t\t\t\t\t\t\t\t<\/div>\n\t\t\t\t<\/div>\n\t\t\t\t\t<\/div>\n\t\t<\/div>\n\t\t\t\t<div class=\"elementor-column elementor-col-50 elementor-top-column elementor-element elementor-element-b831b5e\" data-id=\"b831b5e\" data-element_type=\"column\">\n\t\t\t<div class=\"elementor-widget-wrap elementor-element-populated\">\n\t\t\t\t\t\t<div class=\"elementor-element elementor-element-9f2fd8b elementor-widget elementor-widget-spacer\" data-id=\"9f2fd8b\" data-element_type=\"widget\" data-widget_type=\"spacer.default\">\n\t\t\t\t<div class=\"elementor-widget-container\">\n\t\t\t\t\t\t\t<div class=\"elementor-spacer\">\n\t\t\t<div class=\"elementor-spacer-inner\"><\/div>\n\t\t<\/div>\n\t\t\t\t\t\t<\/div>\n\t\t\t\t<\/div>\n\t\t\t\t<div class=\"elementor-element elementor-element-f15dbec elementor-widget elementor-widget-heading\" data-id=\"f15dbec\" data-element_type=\"widget\" data-widget_type=\"heading.default\">\n\t\t\t\t<div class=\"elementor-widget-container\">\n\t\t\t\t\t<h2 class=\"elementor-heading-title elementor-size-default\">Desenho T\u00e9cnico em meio Ambiente<\/h2>\t\t\t\t<\/div>\n\t\t\t\t<\/div>\n\t\t\t\t<div class=\"elementor-element elementor-element-d08a693 elementor-widget elementor-widget-text-editor\" data-id=\"d08a693\" data-element_type=\"widget\" data-widget_type=\"text-editor.default\">\n\t\t\t\t<div class=\"elementor-widget-container\">\n\t\t\t\t\t\t\t\t\t<p>O\u00a0<strong>curso t\u00e9cnico em Meio Ambiente<\/strong>\u00a0visa a capacita\u00e7\u00e3o de jovens e adultos para que sejam agentes de informa\u00e7\u00e3o e transforma\u00e7\u00e3o no ambiente de trabalho. O t\u00e9cnico em Meio Ambiente \u00e9 um profissional capacitado para resolver quest\u00f5es ambientais e propor solu\u00e7\u00f5es para esses problemas, por isso, durante o curso, o aluno ser\u00e1 preparado para cuidar da gest\u00e3o de atividades de conserva\u00e7\u00e3o, sistema de dados e informa\u00e7\u00f5es para estudos socioambientais, elabora\u00e7\u00e3o de pol\u00edticas e ambientais, controle de programas de gerenciamento ambiental e pesquisa rural, entre outros.\u00a0<\/p>\t\t\t\t\t\t\t\t<\/div>\n\t\t\t\t<\/div>\n\t\t\t\t\t<\/div>\n\t\t<\/div>\n\t\t\t\t\t<\/div>\n\t\t<\/section>\n\t\t\t\t<section class=\"elementor-section elementor-top-section elementor-element elementor-element-d6511c5 elementor-section-boxed elementor-section-height-default elementor-section-height-default wpr-particle-no wpr-jarallax-no wpr-parallax-no wpr-sticky-section-no\" data-id=\"d6511c5\" data-element_type=\"section\">\n\t\t\t\t\t\t<div class=\"elementor-container elementor-column-gap-default\">\n\t\t\t\t\t<div class=\"elementor-column elementor-col-100 elementor-top-column elementor-element elementor-element-e849a75\" data-id=\"e849a75\" data-element_type=\"column\">\n\t\t\t<div class=\"elementor-widget-wrap elementor-element-populated\">\n\t\t\t\t\t\t<div class=\"elementor-element elementor-element-f952caa elementor-widget elementor-widget-spacer\" data-id=\"f952caa\" data-element_type=\"widget\" data-widget_type=\"spacer.default\">\n\t\t\t\t<div class=\"elementor-widget-container\">\n\t\t\t\t\t\t\t<div class=\"elementor-spacer\">\n\t\t\t<div class=\"elementor-spacer-inner\"><\/div>\n\t\t<\/div>\n\t\t\t\t\t\t<\/div>\n\t\t\t\t<\/div>\n\t\t\t\t\t<\/div>\n\t\t<\/div>\n\t\t\t\t\t<\/div>\n\t\t<\/section>\n\t\t\t\t<section class=\"elementor-section elementor-top-section elementor-element elementor-element-a7e8002 elementor-section-boxed elementor-section-height-default elementor-section-height-default wpr-particle-no wpr-jarallax-no wpr-parallax-no wpr-sticky-section-no\" data-id=\"a7e8002\" data-element_type=\"section\">\n\t\t\t\t\t\t<div class=\"elementor-container elementor-column-gap-default\">\n\t\t\t\t\t<div class=\"elementor-column elementor-col-50 elementor-top-column elementor-element elementor-element-7e58a2b\" data-id=\"7e58a2b\" data-element_type=\"column\">\n\t\t\t<div class=\"elementor-widget-wrap elementor-element-populated\">\n\t\t\t\t\t\t<div class=\"elementor-element elementor-element-5533258 elementor-widget elementor-widget-text-editor\" data-id=\"5533258\" data-element_type=\"widget\" data-widget_type=\"text-editor.default\">\n\t\t\t\t<div class=\"elementor-widget-container\">\n\t\t\t\t\t\t\t\t\t<p><strong>Habilidades | T\u00e9cnico em Meio Ambiente<\/strong><\/p><p>A concorr\u00eancia que o mercado de trabalho atual apresenta exige um pouco mais do profissional que deseja se destacar em meio a essa disputa, por isso, torna-se necess\u00e1rio que o indiv\u00edduo construa um\u00a0<strong>perfil profissional\u00a0<\/strong>diferenciado capaz de chamar a aten\u00e7\u00e3o do empregador.\u00a0<\/p><p>\u00a0<\/p><p>Assim como para cada profiss\u00e3o s\u00e3o exigidas algumas habilidades e compet\u00eancias o profissional t\u00e9cnico em Meio ambiente, necessita apresentar algumas caracter\u00edsticas imprescind\u00edveis para sua carreira, \u00e9 necess\u00e1rio que o mesmo tenha uma sensibilidade maior para a preserva\u00e7\u00e3o ambiental. Conhe\u00e7a a seguir algumas caracter\u00edsticas que comp\u00f5em a identidade profissional do T\u00e9cnico em Meio Ambiente:<\/p><p>&#8211; Vis\u00e3o hol\u00edstica;<\/p><p>&#8211; Organiza\u00e7\u00e3o;<\/p><p>&#8211; Espirito de lideran\u00e7a;<\/p><p>&#8211; Responsabilidade;<\/p><p>&#8211; Proatividade e dinamismo;<\/p><p>&#8211; Disciplina;<\/p><p>&#8211; Bom relacionamento interpessoal;<\/p><p>&#8211; \u00c9tica profissional, entre outras.<\/p>\t\t\t\t\t\t\t\t<\/div>\n\t\t\t\t<\/div>\n\t\t\t\t\t<\/div>\n\t\t<\/div>\n\t\t\t\t<div class=\"elementor-column elementor-col-50 elementor-top-column elementor-element elementor-element-94475c6\" data-id=\"94475c6\" data-element_type=\"column\">\n\t\t\t<div class=\"elementor-widget-wrap elementor-element-populated\">\n\t\t\t\t\t\t<div class=\"elementor-element elementor-element-eb9024b elementor-widget elementor-widget-text-editor\" data-id=\"eb9024b\" data-element_type=\"widget\" data-widget_type=\"text-editor.default\">\n\t\t\t\t<div class=\"elementor-widget-container\">\n\t\t\t\t\t\t\t\t\t<p><strong>Carreira | T\u00e9cnico em Meio Ambiente<\/strong><\/p><p>Considerando que apresentar solu\u00e7\u00f5es para os problemas ambientais \u00e9 um dos maiores desafios do mundo moderno, o\u00a0<strong>mercado de trabalho para o T\u00e9cnico em Meio Ambiente<\/strong>\u00a0torna-se atraente para estes profissionais pouco encontrados neste campo de atua\u00e7\u00e3o.\u00a0<\/p><p>Respons\u00e1veis por realizar o levantamento e interpreta\u00e7\u00e3o de dados de controle ambiental, auditorias, elaborar laudos, desenvolver projetos para tratamento de efluentes e controle de res\u00edduos, entre outras atividades voltadas a \u00e1rea, o T\u00e9cnico em Meio Ambiente pode encontrar\u00a0<strong>vagas de emprego<\/strong>\u00a0em \u00f3rg\u00e3os de prote\u00e7\u00e3o da natureza, ONGS, laborat\u00f3rios e esta\u00e7\u00f5es de tratamento de \u00e1gua e esgoto, na ind\u00fastria &#8211; considerada a maior empregadora desses profissionais -, entre outras organiza\u00e7\u00f5es.<\/p><p>\u00a0<\/p>\t\t\t\t\t\t\t\t<\/div>\n\t\t\t\t<\/div>\n\t\t\t\t\t<\/div>\n\t\t<\/div>\n\t\t\t\t\t<\/div>\n\t\t<\/section>\n\t\t\t\t<section class=\"elementor-section elementor-top-section elementor-element elementor-element-ea28850 elementor-section-boxed elementor-section-height-default elementor-section-height-default wpr-particle-no wpr-jarallax-no wpr-parallax-no wpr-sticky-section-no\" data-id=\"ea28850\" data-element_type=\"section\">\n\t\t\t\t\t\t<div class=\"elementor-container elementor-column-gap-default\">\n\t\t\t\t\t<div class=\"elementor-column elementor-col-100 elementor-top-column elementor-element elementor-element-85e0adc\" data-id=\"85e0adc\" data-element_type=\"column\">\n\t\t\t<div class=\"elementor-widget-wrap elementor-element-populated\">\n\t\t\t\t\t\t<div class=\"elementor-element elementor-element-ce28bdf elementor-widget elementor-widget-spacer\" data-id=\"ce28bdf\" data-element_type=\"widget\" data-widget_type=\"spacer.default\">\n\t\t\t\t<div class=\"elementor-widget-container\">\n\t\t\t\t\t\t\t<div class=\"elementor-spacer\">\n\t\t\t<div class=\"elementor-spacer-inner\"><\/div>\n\t\t<\/div>\n\t\t\t\t\t\t<\/div>\n\t\t\t\t<\/div>\n\t\t\t\t\t<\/div>\n\t\t<\/div>\n\t\t\t\t\t<\/div>\n\t\t<\/section>\n\t\t\t\t<\/div>\n\t\t","protected":false},"excerpt":{"rendered":"<p>Desenho T\u00e9cnico em meio Ambiente O\u00a0curso t\u00e9cnico em Meio Ambiente\u00a0visa a capacita\u00e7\u00e3o de jovens e adultos para que sejam agentes de informa\u00e7\u00e3o e transforma\u00e7\u00e3o no ambiente de trabalho. O t\u00e9cnico em Meio Ambiente \u00e9 um profissional capacitado para resolver quest\u00f5es ambientais e propor solu\u00e7\u00f5es para esses problemas, por isso, durante o curso, o aluno ser\u00e1 preparado para cuidar da gest\u00e3o de atividades de conserva\u00e7\u00e3o, sistema de dados e informa\u00e7\u00f5es para estudos socioambientais, elabora\u00e7\u00e3o de pol\u00edticas e ambientais, controle de programas de gerenciamento ambiental e pesquisa rural, entre outros.\u00a0 Habilidades | T\u00e9cnico em Meio Ambiente A concorr\u00eancia que o mercado de trabalho atual apresenta exige um pouco mais do profissional que deseja se destacar em meio a essa disputa, por isso, torna-se necess\u00e1rio que o indiv\u00edduo construa um\u00a0perfil profissional\u00a0diferenciado capaz de chamar a aten\u00e7\u00e3o do empregador.\u00a0 \u00a0 Assim como para cada profiss\u00e3o s\u00e3o exigidas algumas habilidades e compet\u00eancias o profissional t\u00e9cnico em Meio ambiente, necessita apresentar algumas caracter\u00edsticas imprescind\u00edveis para sua carreira, \u00e9 necess\u00e1rio que o mesmo tenha uma sensibilidade maior para a preserva\u00e7\u00e3o ambiental. Conhe\u00e7a a seguir algumas caracter\u00edsticas que comp\u00f5em a identidade profissional do T\u00e9cnico em Meio Ambiente: &#8211; Vis\u00e3o hol\u00edstica; &#8211; Organiza\u00e7\u00e3o; &#8211; Espirito de lideran\u00e7a; &#8211; Responsabilidade; &#8211; Proatividade e dinamismo; &#8211; Disciplina; &#8211; Bom relacionamento interpessoal; &#8211; \u00c9tica profissional, entre outras. Carreira | T\u00e9cnico em Meio Ambiente Considerando que apresentar solu\u00e7\u00f5es para os problemas ambientais \u00e9 um dos maiores desafios do mundo moderno, o\u00a0mercado de trabalho para o T\u00e9cnico em Meio Ambiente\u00a0torna-se atraente para estes profissionais pouco encontrados neste campo de atua\u00e7\u00e3o.\u00a0 Respons\u00e1veis por realizar o levantamento e interpreta\u00e7\u00e3o de dados de controle ambiental, auditorias, elaborar laudos, desenvolver projetos para tratamento de efluentes e controle de res\u00edduos, entre outras atividades voltadas a \u00e1rea, o T\u00e9cnico em Meio Ambiente pode encontrar\u00a0vagas de emprego\u00a0em \u00f3rg\u00e3os de prote\u00e7\u00e3o da natureza, ONGS, laborat\u00f3rios e esta\u00e7\u00f5es de tratamento de \u00e1gua e esgoto, na ind\u00fastria &#8211; considerada a maior empregadora desses profissionais -, entre outras organiza\u00e7\u00f5es. \u00a0<\/p>\n","protected":false},"author":1,"featured_media":0,"parent":0,"menu_order":0,"comment_status":"closed","ping_status":"closed","template":"","meta":{"footnotes":""},"class_list":["post-906","page","type-page","status-publish","hentry"],"_links":{"self":[{"href":"https:\/\/trilhasdefuturo.unipac.br\/wp-json\/wp\/v2\/pages\/906","targetHints":{"allow":["GET"]}}],"collection":[{"href":"https:\/\/trilhasdefuturo.unipac.br\/wp-json\/wp\/v2\/pages"}],"about":[{"href":"https:\/\/trilhasdefuturo.unipac.br\/wp-json\/wp\/v2\/types\/page"}],"author":[{"embeddable":true,"href":"https:\/\/trilhasdefuturo.unipac.br\/wp-json\/wp\/v2\/users\/1"}],"replies":[{"embeddable":true,"href":"https:\/\/trilhasdefuturo.unipac.br\/wp-json\/wp\/v2\/comments?post=906"}],"version-history":[{"count":4,"href":"https:\/\/trilhasdefuturo.unipac.br\/wp-json\/wp\/v2\/pages\/906\/revisions"}],"predecessor-version":[{"id":910,"href":"https:\/\/trilhasdefuturo.unipac.br\/wp-json\/wp\/v2\/pages\/906\/revisions\/910"}],"wp:attachment":[{"href":"https:\/\/trilhasdefuturo.unipac.br\/wp-json\/wp\/v2\/media?parent=906"}],"curies":[{"name":"wp","href":"https:\/\/api.w.org\/{rel}","templated":true}]}}