{"id":892,"date":"2024-09-20T14:10:13","date_gmt":"2024-09-20T14:10:13","guid":{"rendered":"https:\/\/trilhasdefuturo.unipac.br\/?page_id=892"},"modified":"2025-09-11T14:54:46","modified_gmt":"2025-09-11T14:54:46","slug":"tecnico-em-informatica","status":"publish","type":"page","link":"https:\/\/trilhasdefuturo.unipac.br\/?page_id=892","title":{"rendered":"T\u00c9CNICO EM INFORM\u00c1TICA"},"content":{"rendered":"\t\t<div data-elementor-type=\"wp-page\" data-elementor-id=\"892\" class=\"elementor elementor-892\" data-elementor-post-type=\"page\">\n\t\t\t\t\t\t<section class=\"elementor-section elementor-top-section elementor-element elementor-element-8ce375b elementor-section-boxed elementor-section-height-default elementor-section-height-default wpr-particle-no wpr-jarallax-no wpr-parallax-no wpr-sticky-section-no\" data-id=\"8ce375b\" data-element_type=\"section\">\n\t\t\t\t\t\t<div class=\"elementor-container elementor-column-gap-default\">\n\t\t\t\t\t<div class=\"elementor-column elementor-col-50 elementor-top-column elementor-element elementor-element-1fd95a2\" data-id=\"1fd95a2\" data-element_type=\"column\">\n\t\t\t<div class=\"elementor-widget-wrap elementor-element-populated\">\n\t\t\t\t\t\t<div class=\"elementor-element elementor-element-bda1ba6 elementor-widget elementor-widget-image\" data-id=\"bda1ba6\" data-element_type=\"widget\" data-widget_type=\"image.default\">\n\t\t\t\t<div class=\"elementor-widget-container\">\n\t\t\t\t\t\t\t\t\t\t\t\t\t\t\t<img fetchpriority=\"high\" decoding=\"async\" width=\"800\" height=\"1000\" src=\"https:\/\/trilhasdefuturo.unipac.br\/wp-content\/uploads\/2025\/09\/Informatica-819x1024.jpg\" class=\"attachment-large size-large wp-image-1222\" alt=\"\" srcset=\"https:\/\/trilhasdefuturo.unipac.br\/wp-content\/uploads\/2025\/09\/Informatica-819x1024.jpg 819w, https:\/\/trilhasdefuturo.unipac.br\/wp-content\/uploads\/2025\/09\/Informatica-240x300.jpg 240w, https:\/\/trilhasdefuturo.unipac.br\/wp-content\/uploads\/2025\/09\/Informatica-768x960.jpg 768w, https:\/\/trilhasdefuturo.unipac.br\/wp-content\/uploads\/2025\/09\/Informatica.jpg 1080w\" sizes=\"(max-width: 800px) 100vw, 800px\" \/>\t\t\t\t\t\t\t\t\t\t\t\t\t\t\t<\/div>\n\t\t\t\t<\/div>\n\t\t\t\t\t<\/div>\n\t\t<\/div>\n\t\t\t\t<div class=\"elementor-column elementor-col-50 elementor-top-column elementor-element elementor-element-b831b5e\" data-id=\"b831b5e\" data-element_type=\"column\">\n\t\t\t<div class=\"elementor-widget-wrap elementor-element-populated\">\n\t\t\t\t\t\t<div class=\"elementor-element elementor-element-f15dbec elementor-widget elementor-widget-heading\" data-id=\"f15dbec\" data-element_type=\"widget\" data-widget_type=\"heading.default\">\n\t\t\t\t<div class=\"elementor-widget-container\">\n\t\t\t\t\t<h2 class=\"elementor-heading-title elementor-size-default\">T\u00c9CNICO EM INFORM\u00c1TICA <\/h2>\t\t\t\t<\/div>\n\t\t\t\t<\/div>\n\t\t\t\t<div class=\"elementor-element elementor-element-d08a693 elementor-widget elementor-widget-text-editor\" data-id=\"d08a693\" data-element_type=\"widget\" data-widget_type=\"text-editor.default\">\n\t\t\t\t<div class=\"elementor-widget-container\">\n\t\t\t\t\t\t\t\t\t<p>O\u00a0<strong>t\u00e9cnico em Inform\u00e1tica<\/strong>\u00a0tem como objetivo formar o profissional que desempenha\u00a0 atividades ligadas a montagem e manuten\u00e7\u00e3o de microcomputadores, instala\u00e7\u00e3o e configura\u00e7\u00e3o de redes, desenvolvimento de sistemas e websites, etc. O profissional est\u00e1 habilitado para atuar em diversas \u00e1reas da\u00a0<strong>Tecnologia da Informa\u00e7\u00e3o<\/strong>, tanto em empresas especializadas quanto nos departamentos organiza\u00e7\u00f5es dos mais variados portes e ramos de atua\u00e7\u00e3o.\u00a0<\/p><p>\u00a0<\/p><p>O profissional t\u00e9cnico em Inform\u00e1tica \u00e9 respons\u00e1vel pelo planejamento e pela execu\u00e7\u00e3o dos processos de manuten\u00e7\u00e3o e opera\u00e7\u00e3o de redes locais de computadores. Desenvolve aplicativos computacionais, adotando normas t\u00e9cnicas de qualidade, seguran\u00e7a e preserva\u00e7\u00e3o ambiental.<\/p>\t\t\t\t\t\t\t\t<\/div>\n\t\t\t\t<\/div>\n\t\t\t\t<div class=\"elementor-element elementor-element-2aec647 elementor-align-left elementor-widget elementor-widget-button\" data-id=\"2aec647\" data-element_type=\"widget\" data-widget_type=\"button.default\">\n\t\t\t\t<div class=\"elementor-widget-container\">\n\t\t\t\t\t\t\t\t\t<div class=\"elementor-button-wrapper\">\n\t\t\t\t\t<a class=\"elementor-button elementor-button-link elementor-size-sm\" href=\"https:\/\/www.trilhasdefuturo.mg.gov.br\/app\/verificacao\">\n\t\t\t\t\t\t<span class=\"elementor-button-content-wrapper\">\n\t\t\t\t\t\t\t\t\t<span class=\"elementor-button-text\">INSCREVA-SE AGORA!<\/span>\n\t\t\t\t\t<\/span>\n\t\t\t\t\t<\/a>\n\t\t\t\t<\/div>\n\t\t\t\t\t\t\t\t<\/div>\n\t\t\t\t<\/div>\n\t\t\t\t\t<\/div>\n\t\t<\/div>\n\t\t\t\t\t<\/div>\n\t\t<\/section>\n\t\t\t\t<section class=\"elementor-section elementor-top-section elementor-element elementor-element-d6511c5 elementor-section-boxed elementor-section-height-default elementor-section-height-default wpr-particle-no wpr-jarallax-no wpr-parallax-no wpr-sticky-section-no\" data-id=\"d6511c5\" data-element_type=\"section\">\n\t\t\t\t\t\t<div class=\"elementor-container elementor-column-gap-default\">\n\t\t\t\t\t<div class=\"elementor-column elementor-col-100 elementor-top-column elementor-element elementor-element-e849a75\" data-id=\"e849a75\" data-element_type=\"column\">\n\t\t\t<div class=\"elementor-widget-wrap elementor-element-populated\">\n\t\t\t\t\t\t<div class=\"elementor-element elementor-element-f952caa elementor-widget elementor-widget-spacer\" data-id=\"f952caa\" data-element_type=\"widget\" data-widget_type=\"spacer.default\">\n\t\t\t\t<div class=\"elementor-widget-container\">\n\t\t\t\t\t\t\t<div class=\"elementor-spacer\">\n\t\t\t<div class=\"elementor-spacer-inner\"><\/div>\n\t\t<\/div>\n\t\t\t\t\t\t<\/div>\n\t\t\t\t<\/div>\n\t\t\t\t\t<\/div>\n\t\t<\/div>\n\t\t\t\t\t<\/div>\n\t\t<\/section>\n\t\t\t\t<section class=\"elementor-section elementor-top-section elementor-element elementor-element-a7e8002 elementor-section-boxed elementor-section-height-default elementor-section-height-default wpr-particle-no wpr-jarallax-no wpr-parallax-no wpr-sticky-section-no\" data-id=\"a7e8002\" data-element_type=\"section\">\n\t\t\t\t\t\t<div class=\"elementor-container elementor-column-gap-default\">\n\t\t\t\t\t<div class=\"elementor-column elementor-col-50 elementor-top-column elementor-element elementor-element-7e58a2b\" data-id=\"7e58a2b\" data-element_type=\"column\">\n\t\t\t<div class=\"elementor-widget-wrap elementor-element-populated\">\n\t\t\t\t\t\t<div class=\"elementor-element elementor-element-5533258 elementor-widget elementor-widget-text-editor\" data-id=\"5533258\" data-element_type=\"widget\" data-widget_type=\"text-editor.default\">\n\t\t\t\t<div class=\"elementor-widget-container\">\n\t\t\t\t\t\t\t\t\t<p><strong>Habilidades | T\u00c9CNICO EM INFORM\u00c1TICA<\/strong><\/p><p>O profissional com diploma do\u00a0<strong>curso t\u00e9cnico em Inform\u00e1tica\u00a0<\/strong>deve ter algumas habilidades e compet\u00eancias exigidas na \u00e1rea,<strong>\u00a0<\/strong>que permitem maior reconhecimento e respeito no mercado de trabalho. Dentre elas, destacamos:<\/p><ul><li>\u00a0<\/li><li>Facilidade de trabalhar em equipe;<\/li><li>Estabelecer rela\u00e7\u00f5es interpessoais construtivas;<\/li><li>Compreender o contexto em que est\u00e1 inserido, demonstrando capacidade propositiva e criativa;<\/li><\/ul>\t\t\t\t\t\t\t\t<\/div>\n\t\t\t\t<\/div>\n\t\t\t\t\t<\/div>\n\t\t<\/div>\n\t\t\t\t<div class=\"elementor-column elementor-col-50 elementor-top-column elementor-element elementor-element-94475c6\" data-id=\"94475c6\" data-element_type=\"column\">\n\t\t\t<div class=\"elementor-widget-wrap elementor-element-populated\">\n\t\t\t\t\t\t<div class=\"elementor-element elementor-element-eb9024b elementor-widget elementor-widget-text-editor\" data-id=\"eb9024b\" data-element_type=\"widget\" data-widget_type=\"text-editor.default\">\n\t\t\t\t<div class=\"elementor-widget-container\">\n\t\t\t\t\t\t\t\t\t<p><strong>Carreira | T\u00c9CNICO EM INFORM\u00c1TICA<\/strong><\/p><p>O mercado de tecnologia apresenta um crescimento constante no Brasil. Por essa raz\u00e3o, o campo de atua\u00e7\u00e3o desse profissional \u00e9 amplo e apresenta boas oportunidades.\u00a0\u00a0O T\u00e9cnico em Inform\u00e1tica \u00e9 especializado tanto em montagem e manuten\u00e7\u00e3o de computadores, quanto em linguagens de programa\u00e7\u00e3o. Pode atuar em organiza\u00e7\u00f5es p\u00fablicas e privadas de qualquer segmento, nas \u00e1reas de servi\u00e7os, do com\u00e9rcio, da ind\u00fastria, e de ensino e pesquisa.\u00a0<\/p><p><br \/><br \/><\/p><p>Al\u00e9m disso, pode empreender na \u00e1rea, criar o pr\u00f3prio neg\u00f3cio e atuar como consultor para pequenas empresas, prestar servi\u00e7os de manuten\u00e7\u00e3o de equipamentos e desenvolver aplica\u00e7\u00f5es tecnol\u00f3gicas.\u00a0<\/p><p>O profissional T\u00e9cnico em Inform\u00e1tica pode atuar como:<\/p><p>\u00a0 \u00a0 \u00a0 \u00a0 \u2022 Analista e Desenvolvedor de Software;<\/p><ul><li>Configura\u00e7\u00e3o e Instala\u00e7\u00e3o de Redes;<\/li><li>Analista de Suporte T\u00e9cnico<\/li><\/ul>\t\t\t\t\t\t\t\t<\/div>\n\t\t\t\t<\/div>\n\t\t\t\t\t<\/div>\n\t\t<\/div>\n\t\t\t\t\t<\/div>\n\t\t<\/section>\n\t\t\t\t<section class=\"elementor-section elementor-top-section elementor-element elementor-element-ea28850 elementor-section-boxed elementor-section-height-default elementor-section-height-default wpr-particle-no wpr-jarallax-no wpr-parallax-no wpr-sticky-section-no\" data-id=\"ea28850\" data-element_type=\"section\">\n\t\t\t\t\t\t<div class=\"elementor-container elementor-column-gap-default\">\n\t\t\t\t\t<div class=\"elementor-column elementor-col-100 elementor-top-column elementor-element elementor-element-85e0adc\" data-id=\"85e0adc\" data-element_type=\"column\">\n\t\t\t<div class=\"elementor-widget-wrap elementor-element-populated\">\n\t\t\t\t\t\t<div class=\"elementor-element elementor-element-ce28bdf elementor-widget elementor-widget-spacer\" data-id=\"ce28bdf\" data-element_type=\"widget\" data-widget_type=\"spacer.default\">\n\t\t\t\t<div class=\"elementor-widget-container\">\n\t\t\t\t\t\t\t<div class=\"elementor-spacer\">\n\t\t\t<div class=\"elementor-spacer-inner\"><\/div>\n\t\t<\/div>\n\t\t\t\t\t\t<\/div>\n\t\t\t\t<\/div>\n\t\t\t\t\t<\/div>\n\t\t<\/div>\n\t\t\t\t\t<\/div>\n\t\t<\/section>\n\t\t\t\t<section class=\"elementor-section elementor-top-section elementor-element elementor-element-3ff35f1e elementor-section-boxed elementor-section-height-default elementor-section-height-default wpr-particle-no wpr-jarallax-no wpr-parallax-no wpr-sticky-section-no\" data-id=\"3ff35f1e\" data-element_type=\"section\">\n\t\t\t\t\t\t<div class=\"elementor-container elementor-column-gap-default\">\n\t\t\t\t\t<div class=\"elementor-column elementor-col-100 elementor-top-column elementor-element elementor-element-650008b3\" data-id=\"650008b3\" data-element_type=\"column\">\n\t\t\t<div class=\"elementor-widget-wrap elementor-element-populated\">\n\t\t\t\t\t\t<div class=\"elementor-element elementor-element-1325b6aa elementor-widget elementor-widget-heading\" data-id=\"1325b6aa\" data-element_type=\"widget\" data-widget_type=\"heading.default\">\n\t\t\t\t<div class=\"elementor-widget-container\">\n\t\t\t\t\t<h2 class=\"elementor-heading-title elementor-size-default\">Aten\u00e7\u00e3o!<br> Para garantir que voc\u00ea vai estudar em uma institui\u00e7\u00e3o com mais de 60 anos de tradi\u00e7\u00e3o e inova\u00e7\u00e3o, n\u00e3o se esque\u00e7a de escolher a unidade do Grupo Educacional Fupac\/Unipac mais perto de voc\u00ea!<\/h2>\t\t\t\t<\/div>\n\t\t\t\t<\/div>\n\t\t\t\t<div class=\"elementor-element elementor-element-3ccbe439 elementor-align-center elementor-widget elementor-widget-button\" data-id=\"3ccbe439\" data-element_type=\"widget\" data-widget_type=\"button.default\">\n\t\t\t\t<div class=\"elementor-widget-container\">\n\t\t\t\t\t\t\t\t\t<div class=\"elementor-button-wrapper\">\n\t\t\t\t\t<a class=\"elementor-button elementor-button-link elementor-size-sm\" href=\"https:\/\/www.trilhasdefuturo.mg.gov.br\/app\/verificacao\">\n\t\t\t\t\t\t<span class=\"elementor-button-content-wrapper\">\n\t\t\t\t\t\t\t\t\t<span class=\"elementor-button-text\">INSCREVA-SE AGORA!<\/span>\n\t\t\t\t\t<\/span>\n\t\t\t\t\t<\/a>\n\t\t\t\t<\/div>\n\t\t\t\t\t\t\t\t<\/div>\n\t\t\t\t<\/div>\n\t\t\t\t\t<\/div>\n\t\t<\/div>\n\t\t\t\t\t<\/div>\n\t\t<\/section>\n\t\t\t\t<\/div>\n\t\t","protected":false},"excerpt":{"rendered":"<p>T\u00c9CNICO EM INFORM\u00c1TICA O\u00a0t\u00e9cnico em Inform\u00e1tica\u00a0tem como objetivo formar o profissional que desempenha\u00a0 atividades ligadas a montagem e manuten\u00e7\u00e3o de microcomputadores, instala\u00e7\u00e3o e configura\u00e7\u00e3o de redes, desenvolvimento de sistemas e websites, etc. O profissional est\u00e1 habilitado para atuar em diversas \u00e1reas da\u00a0Tecnologia da Informa\u00e7\u00e3o, tanto em empresas especializadas quanto nos departamentos organiza\u00e7\u00f5es dos mais variados portes e ramos de atua\u00e7\u00e3o.\u00a0 \u00a0 O profissional t\u00e9cnico em Inform\u00e1tica \u00e9 respons\u00e1vel pelo planejamento e pela execu\u00e7\u00e3o dos processos de manuten\u00e7\u00e3o e opera\u00e7\u00e3o de redes locais de computadores. Desenvolve aplicativos computacionais, adotando normas t\u00e9cnicas de qualidade, seguran\u00e7a e preserva\u00e7\u00e3o ambiental. INSCREVA-SE AGORA! Habilidades | T\u00c9CNICO EM INFORM\u00c1TICA O profissional com diploma do\u00a0curso t\u00e9cnico em Inform\u00e1tica\u00a0deve ter algumas habilidades e compet\u00eancias exigidas na \u00e1rea,\u00a0que permitem maior reconhecimento e respeito no mercado de trabalho. Dentre elas, destacamos: \u00a0 Facilidade de trabalhar em equipe; Estabelecer rela\u00e7\u00f5es interpessoais construtivas; Compreender o contexto em que est\u00e1 inserido, demonstrando capacidade propositiva e criativa; Carreira | T\u00c9CNICO EM INFORM\u00c1TICA O mercado de tecnologia apresenta um crescimento constante no Brasil. Por essa raz\u00e3o, o campo de atua\u00e7\u00e3o desse profissional \u00e9 amplo e apresenta boas oportunidades.\u00a0\u00a0O T\u00e9cnico em Inform\u00e1tica \u00e9 especializado tanto em montagem e manuten\u00e7\u00e3o de computadores, quanto em linguagens de programa\u00e7\u00e3o. Pode atuar em organiza\u00e7\u00f5es p\u00fablicas e privadas de qualquer segmento, nas \u00e1reas de servi\u00e7os, do com\u00e9rcio, da ind\u00fastria, e de ensino e pesquisa.\u00a0 Al\u00e9m disso, pode empreender na \u00e1rea, criar o pr\u00f3prio neg\u00f3cio e atuar como consultor para pequenas empresas, prestar servi\u00e7os de manuten\u00e7\u00e3o de equipamentos e desenvolver aplica\u00e7\u00f5es tecnol\u00f3gicas.\u00a0 O profissional T\u00e9cnico em Inform\u00e1tica pode atuar como: \u00a0 \u00a0 \u00a0 \u00a0 \u2022 Analista e Desenvolvedor de Software; Configura\u00e7\u00e3o e Instala\u00e7\u00e3o de Redes; Analista de Suporte T\u00e9cnico Aten\u00e7\u00e3o! Para garantir que voc\u00ea vai estudar em uma institui\u00e7\u00e3o com mais de 60 anos de tradi\u00e7\u00e3o e inova\u00e7\u00e3o, n\u00e3o se esque\u00e7a de escolher a unidade do Grupo Educacional Fupac\/Unipac mais perto de voc\u00ea! INSCREVA-SE AGORA!<\/p>\n","protected":false},"author":1,"featured_media":0,"parent":0,"menu_order":0,"comment_status":"closed","ping_status":"closed","template":"","meta":{"footnotes":""},"class_list":["post-892","page","type-page","status-publish","hentry"],"_links":{"self":[{"href":"https:\/\/trilhasdefuturo.unipac.br\/index.php?rest_route=\/wp\/v2\/pages\/892","targetHints":{"allow":["GET"]}}],"collection":[{"href":"https:\/\/trilhasdefuturo.unipac.br\/index.php?rest_route=\/wp\/v2\/pages"}],"about":[{"href":"https:\/\/trilhasdefuturo.unipac.br\/index.php?rest_route=\/wp\/v2\/types\/page"}],"author":[{"embeddable":true,"href":"https:\/\/trilhasdefuturo.unipac.br\/index.php?rest_route=\/wp\/v2\/users\/1"}],"replies":[{"embeddable":true,"href":"https:\/\/trilhasdefuturo.unipac.br\/index.php?rest_route=%2Fwp%2Fv2%2Fcomments&post=892"}],"version-history":[{"count":16,"href":"https:\/\/trilhasdefuturo.unipac.br\/index.php?rest_route=\/wp\/v2\/pages\/892\/revisions"}],"predecessor-version":[{"id":1332,"href":"https:\/\/trilhasdefuturo.unipac.br\/index.php?rest_route=\/wp\/v2\/pages\/892\/revisions\/1332"}],"wp:attachment":[{"href":"https:\/\/trilhasdefuturo.unipac.br\/index.php?rest_route=%2Fwp%2Fv2%2Fmedia&parent=892"}],"curies":[{"name":"wp","href":"https:\/\/api.w.org\/{rel}","templated":true}]}}