{"id":884,"date":"2024-09-20T14:06:57","date_gmt":"2024-09-20T14:06:57","guid":{"rendered":"https:\/\/trilhasdefuturo.unipac.br\/?page_id=884"},"modified":"2025-09-11T14:54:02","modified_gmt":"2025-09-11T14:54:02","slug":"tecnico-em-farmacia","status":"publish","type":"page","link":"https:\/\/trilhasdefuturo.unipac.br\/?page_id=884","title":{"rendered":"T\u00c9CNICO EM FARM\u00c1CIA"},"content":{"rendered":"\t\t<div data-elementor-type=\"wp-page\" data-elementor-id=\"884\" class=\"elementor elementor-884\" data-elementor-post-type=\"page\">\n\t\t\t\t\t\t<section class=\"elementor-section elementor-top-section elementor-element elementor-element-8ce375b elementor-section-boxed elementor-section-height-default elementor-section-height-default wpr-particle-no wpr-jarallax-no wpr-parallax-no wpr-sticky-section-no\" data-id=\"8ce375b\" data-element_type=\"section\">\n\t\t\t\t\t\t<div class=\"elementor-container elementor-column-gap-default\">\n\t\t\t\t\t<div class=\"elementor-column elementor-col-50 elementor-top-column elementor-element elementor-element-1fd95a2\" data-id=\"1fd95a2\" data-element_type=\"column\">\n\t\t\t<div class=\"elementor-widget-wrap elementor-element-populated\">\n\t\t\t\t\t\t<div class=\"elementor-element elementor-element-bda1ba6 elementor-widget elementor-widget-image\" data-id=\"bda1ba6\" data-element_type=\"widget\" data-widget_type=\"image.default\">\n\t\t\t\t<div class=\"elementor-widget-container\">\n\t\t\t\t\t\t\t\t\t\t\t\t\t\t\t<img fetchpriority=\"high\" decoding=\"async\" width=\"800\" height=\"1000\" src=\"https:\/\/trilhasdefuturo.unipac.br\/wp-content\/uploads\/2025\/09\/Farmacia-819x1024.jpg\" class=\"attachment-large size-large wp-image-1221\" alt=\"\" srcset=\"https:\/\/trilhasdefuturo.unipac.br\/wp-content\/uploads\/2025\/09\/Farmacia-819x1024.jpg 819w, https:\/\/trilhasdefuturo.unipac.br\/wp-content\/uploads\/2025\/09\/Farmacia-240x300.jpg 240w, https:\/\/trilhasdefuturo.unipac.br\/wp-content\/uploads\/2025\/09\/Farmacia-768x960.jpg 768w, https:\/\/trilhasdefuturo.unipac.br\/wp-content\/uploads\/2025\/09\/Farmacia.jpg 1080w\" sizes=\"(max-width: 800px) 100vw, 800px\" \/>\t\t\t\t\t\t\t\t\t\t\t\t\t\t\t<\/div>\n\t\t\t\t<\/div>\n\t\t\t\t\t<\/div>\n\t\t<\/div>\n\t\t\t\t<div class=\"elementor-column elementor-col-50 elementor-top-column elementor-element elementor-element-b831b5e\" data-id=\"b831b5e\" data-element_type=\"column\">\n\t\t\t<div class=\"elementor-widget-wrap elementor-element-populated\">\n\t\t\t\t\t\t<div class=\"elementor-element elementor-element-f15dbec elementor-widget elementor-widget-heading\" data-id=\"f15dbec\" data-element_type=\"widget\" data-widget_type=\"heading.default\">\n\t\t\t\t<div class=\"elementor-widget-container\">\n\t\t\t\t\t<h2 class=\"elementor-heading-title elementor-size-default\">T\u00c9CNICO EM FARM\u00c1CIA<\/h2>\t\t\t\t<\/div>\n\t\t\t\t<\/div>\n\t\t\t\t<div class=\"elementor-element elementor-element-d08a693 elementor-widget elementor-widget-text-editor\" data-id=\"d08a693\" data-element_type=\"widget\" data-widget_type=\"text-editor.default\">\n\t\t\t\t<div class=\"elementor-widget-container\">\n\t\t\t\t\t\t\t\t\t<p>O\u00a0<strong>t\u00e9cnico em Farm\u00e1cia\u00a0<\/strong>\u00e9 uma forma\u00e7\u00e3o de n\u00edvel m\u00e9dio que tem o objetivo de capacitar profissionais para fornecer suporte farmacol\u00f3gico, a fim de colaborar com a sa\u00fade da popula\u00e7\u00e3o. Ele pode atuar em empresas de medicamentos, redes de farm\u00e1cias, drogarias, em hospitais e no servi\u00e7o p\u00fablico.<\/p>\t\t\t\t\t\t\t\t<\/div>\n\t\t\t\t<\/div>\n\t\t\t\t<div class=\"elementor-element elementor-element-8c8771f elementor-align-left elementor-widget elementor-widget-button\" data-id=\"8c8771f\" data-element_type=\"widget\" data-widget_type=\"button.default\">\n\t\t\t\t<div class=\"elementor-widget-container\">\n\t\t\t\t\t\t\t\t\t<div class=\"elementor-button-wrapper\">\n\t\t\t\t\t<a class=\"elementor-button elementor-button-link elementor-size-sm\" href=\"https:\/\/www.trilhasdefuturo.mg.gov.br\/app\/verificacao\">\n\t\t\t\t\t\t<span class=\"elementor-button-content-wrapper\">\n\t\t\t\t\t\t\t\t\t<span class=\"elementor-button-text\">INSCREVA-SE AGORA!<\/span>\n\t\t\t\t\t<\/span>\n\t\t\t\t\t<\/a>\n\t\t\t\t<\/div>\n\t\t\t\t\t\t\t\t<\/div>\n\t\t\t\t<\/div>\n\t\t\t\t\t<\/div>\n\t\t<\/div>\n\t\t\t\t\t<\/div>\n\t\t<\/section>\n\t\t\t\t<section class=\"elementor-section elementor-top-section elementor-element elementor-element-d6511c5 elementor-section-boxed elementor-section-height-default elementor-section-height-default wpr-particle-no wpr-jarallax-no wpr-parallax-no wpr-sticky-section-no\" data-id=\"d6511c5\" data-element_type=\"section\">\n\t\t\t\t\t\t<div class=\"elementor-container elementor-column-gap-default\">\n\t\t\t\t\t<div class=\"elementor-column elementor-col-100 elementor-top-column elementor-element elementor-element-e849a75\" data-id=\"e849a75\" data-element_type=\"column\">\n\t\t\t<div class=\"elementor-widget-wrap elementor-element-populated\">\n\t\t\t\t\t\t<div class=\"elementor-element elementor-element-f952caa elementor-widget elementor-widget-spacer\" data-id=\"f952caa\" data-element_type=\"widget\" data-widget_type=\"spacer.default\">\n\t\t\t\t<div class=\"elementor-widget-container\">\n\t\t\t\t\t\t\t<div class=\"elementor-spacer\">\n\t\t\t<div class=\"elementor-spacer-inner\"><\/div>\n\t\t<\/div>\n\t\t\t\t\t\t<\/div>\n\t\t\t\t<\/div>\n\t\t\t\t\t<\/div>\n\t\t<\/div>\n\t\t\t\t\t<\/div>\n\t\t<\/section>\n\t\t\t\t<section class=\"elementor-section elementor-top-section elementor-element elementor-element-a7e8002 elementor-section-boxed elementor-section-height-default elementor-section-height-default wpr-particle-no wpr-jarallax-no wpr-parallax-no wpr-sticky-section-no\" data-id=\"a7e8002\" data-element_type=\"section\">\n\t\t\t\t\t\t<div class=\"elementor-container elementor-column-gap-default\">\n\t\t\t\t\t<div class=\"elementor-column elementor-col-50 elementor-top-column elementor-element elementor-element-7e58a2b\" data-id=\"7e58a2b\" data-element_type=\"column\">\n\t\t\t<div class=\"elementor-widget-wrap elementor-element-populated\">\n\t\t\t\t\t\t<div class=\"elementor-element elementor-element-5533258 elementor-widget elementor-widget-text-editor\" data-id=\"5533258\" data-element_type=\"widget\" data-widget_type=\"text-editor.default\">\n\t\t\t\t<div class=\"elementor-widget-container\">\n\t\t\t\t\t\t\t\t\t<p><strong>Habilidades | T\u00c9CNICO EM FARM\u00c1CIA<\/strong><\/p><p>Algumas habilidades e compet\u00eancias s\u00e3o esperadas de um profissional formado em t\u00e9cnico em Farm\u00e1cia, que permitem maior reconhecimento e respeito no mercado de trabalho. Dentre elas, podemos citar:<br \/><br \/><\/p><ul><li>Multifuncionalidade<br \/>\u2022\u00a0\u00a0\u00a0\u00a0Aten\u00e7\u00e3o Farmac\u00eautica<br \/>\u2022\u00a0\u00a0\u00a0\u00a0Conhecimento Cont\u00ednuo<br \/>\u2022\u00a0\u00a0\u00a0\u00a0Capacidade de Gerenciamento<br \/>\u2022\u00a0\u00a0\u00a0\u00a0Facilidade de Comunica\u00e7\u00e3o<\/li><\/ul>\t\t\t\t\t\t\t\t<\/div>\n\t\t\t\t<\/div>\n\t\t\t\t\t<\/div>\n\t\t<\/div>\n\t\t\t\t<div class=\"elementor-column elementor-col-50 elementor-top-column elementor-element elementor-element-94475c6\" data-id=\"94475c6\" data-element_type=\"column\">\n\t\t\t<div class=\"elementor-widget-wrap elementor-element-populated\">\n\t\t\t\t\t\t<div class=\"elementor-element elementor-element-eb9024b elementor-widget elementor-widget-text-editor\" data-id=\"eb9024b\" data-element_type=\"widget\" data-widget_type=\"text-editor.default\">\n\t\t\t\t<div class=\"elementor-widget-container\">\n\t\t\t\t\t\t\t\t\t<p><strong>Carreira | T\u00c9CNICO EM FARM\u00c1CIA<\/strong><\/p><p>O campo de atua\u00e7\u00e3o para o t\u00e9cnico em farm\u00e1cia \u00e9 amplo e oferece boas oportunidades de emprego. Esse profissional pode atuar sob a supervis\u00e3o de um farmac\u00eautico, realizando atividades como manipular e realizar o controle de qualidade de medicamentos e cosm\u00e9ticos em farm\u00e1cias de manipula\u00e7\u00e3o, auxiliar nos processos administrativos de empresas ligadas ao ramo farmac\u00eautico e dispensar medicamentos em\u00a0<strong>drogarias<\/strong>.\u00a0<\/p><p>Esse profissional pode exercer suas atividades em:<br \/>Ind\u00fastrias Farmac\u00eauticas<\/p><ul><li>\u2022\u00a0\u00a0\u00a0\u00a0Ind\u00fastrias de Cosm\u00e9ticos<br \/>\u2022\u00a0\u00a0\u00a0\u00a0Distribuidoras de Medicamentos, Cosm\u00e9ticos, Mat\u00e9ria-Prima e Produtos Farmac\u00eauticos<br \/>\u2022\u00a0\u00a0\u00a0\u00a0Farm\u00e1cias Hospitalares e de Unidades B\u00e1sicas de Sa\u00fade (UBS)<br \/>\u2022\u00a0\u00a0\u00a0\u00a0Drogarias e Farm\u00e1cias Comerciais<br \/>\u2022\u00a0\u00a0\u00a0\u00a0Farm\u00e1cias de Manipula\u00e7\u00e3o<br \/>\u2022\u00a0\u00a0\u00a0\u00a0Farm\u00e1cias Homeop\u00e1ticas<\/li><\/ul><p>\u00a0<\/p>\t\t\t\t\t\t\t\t<\/div>\n\t\t\t\t<\/div>\n\t\t\t\t\t<\/div>\n\t\t<\/div>\n\t\t\t\t\t<\/div>\n\t\t<\/section>\n\t\t\t\t<section class=\"elementor-section elementor-top-section elementor-element elementor-element-ea28850 elementor-section-boxed elementor-section-height-default elementor-section-height-default wpr-particle-no wpr-jarallax-no wpr-parallax-no wpr-sticky-section-no\" data-id=\"ea28850\" data-element_type=\"section\">\n\t\t\t\t\t\t<div class=\"elementor-container elementor-column-gap-default\">\n\t\t\t\t\t<div class=\"elementor-column elementor-col-100 elementor-top-column elementor-element elementor-element-85e0adc\" data-id=\"85e0adc\" data-element_type=\"column\">\n\t\t\t<div class=\"elementor-widget-wrap elementor-element-populated\">\n\t\t\t\t\t\t<div class=\"elementor-element elementor-element-ce28bdf elementor-widget elementor-widget-spacer\" data-id=\"ce28bdf\" data-element_type=\"widget\" data-widget_type=\"spacer.default\">\n\t\t\t\t<div class=\"elementor-widget-container\">\n\t\t\t\t\t\t\t<div class=\"elementor-spacer\">\n\t\t\t<div class=\"elementor-spacer-inner\"><\/div>\n\t\t<\/div>\n\t\t\t\t\t\t<\/div>\n\t\t\t\t<\/div>\n\t\t\t\t\t<\/div>\n\t\t<\/div>\n\t\t\t\t\t<\/div>\n\t\t<\/section>\n\t\t\t\t<section class=\"elementor-section elementor-top-section elementor-element elementor-element-30a311c8 elementor-section-boxed elementor-section-height-default elementor-section-height-default wpr-particle-no wpr-jarallax-no wpr-parallax-no wpr-sticky-section-no\" data-id=\"30a311c8\" data-element_type=\"section\">\n\t\t\t\t\t\t<div class=\"elementor-container elementor-column-gap-default\">\n\t\t\t\t\t<div class=\"elementor-column elementor-col-100 elementor-top-column elementor-element elementor-element-756f1a04\" data-id=\"756f1a04\" data-element_type=\"column\">\n\t\t\t<div class=\"elementor-widget-wrap elementor-element-populated\">\n\t\t\t\t\t\t<div class=\"elementor-element elementor-element-43a108d elementor-widget elementor-widget-heading\" data-id=\"43a108d\" data-element_type=\"widget\" data-widget_type=\"heading.default\">\n\t\t\t\t<div class=\"elementor-widget-container\">\n\t\t\t\t\t<h2 class=\"elementor-heading-title elementor-size-default\">Aten\u00e7\u00e3o!<br> Para garantir que voc\u00ea vai estudar em uma institui\u00e7\u00e3o com mais de 60 anos de tradi\u00e7\u00e3o e inova\u00e7\u00e3o, n\u00e3o se esque\u00e7a de escolher a unidade do Grupo Educacional Fupac\/Unipac mais perto de voc\u00ea!<\/h2>\t\t\t\t<\/div>\n\t\t\t\t<\/div>\n\t\t\t\t<div class=\"elementor-element elementor-element-558cc24b elementor-align-center elementor-widget elementor-widget-button\" data-id=\"558cc24b\" data-element_type=\"widget\" data-widget_type=\"button.default\">\n\t\t\t\t<div class=\"elementor-widget-container\">\n\t\t\t\t\t\t\t\t\t<div class=\"elementor-button-wrapper\">\n\t\t\t\t\t<a class=\"elementor-button elementor-button-link elementor-size-sm\" href=\"https:\/\/www.trilhasdefuturo.mg.gov.br\/app\/verificacao\">\n\t\t\t\t\t\t<span class=\"elementor-button-content-wrapper\">\n\t\t\t\t\t\t\t\t\t<span class=\"elementor-button-text\">INSCREVA-SE AGORA!<\/span>\n\t\t\t\t\t<\/span>\n\t\t\t\t\t<\/a>\n\t\t\t\t<\/div>\n\t\t\t\t\t\t\t\t<\/div>\n\t\t\t\t<\/div>\n\t\t\t\t\t<\/div>\n\t\t<\/div>\n\t\t\t\t\t<\/div>\n\t\t<\/section>\n\t\t\t\t<\/div>\n\t\t","protected":false},"excerpt":{"rendered":"<p>T\u00c9CNICO EM FARM\u00c1CIA O\u00a0t\u00e9cnico em Farm\u00e1cia\u00a0\u00e9 uma forma\u00e7\u00e3o de n\u00edvel m\u00e9dio que tem o objetivo de capacitar profissionais para fornecer suporte farmacol\u00f3gico, a fim de colaborar com a sa\u00fade da popula\u00e7\u00e3o. Ele pode atuar em empresas de medicamentos, redes de farm\u00e1cias, drogarias, em hospitais e no servi\u00e7o p\u00fablico. INSCREVA-SE AGORA! Habilidades | T\u00c9CNICO EM FARM\u00c1CIA Algumas habilidades e compet\u00eancias s\u00e3o esperadas de um profissional formado em t\u00e9cnico em Farm\u00e1cia, que permitem maior reconhecimento e respeito no mercado de trabalho. Dentre elas, podemos citar: Multifuncionalidade\u2022\u00a0\u00a0\u00a0\u00a0Aten\u00e7\u00e3o Farmac\u00eautica\u2022\u00a0\u00a0\u00a0\u00a0Conhecimento Cont\u00ednuo\u2022\u00a0\u00a0\u00a0\u00a0Capacidade de Gerenciamento\u2022\u00a0\u00a0\u00a0\u00a0Facilidade de Comunica\u00e7\u00e3o Carreira | T\u00c9CNICO EM FARM\u00c1CIA O campo de atua\u00e7\u00e3o para o t\u00e9cnico em farm\u00e1cia \u00e9 amplo e oferece boas oportunidades de emprego. Esse profissional pode atuar sob a supervis\u00e3o de um farmac\u00eautico, realizando atividades como manipular e realizar o controle de qualidade de medicamentos e cosm\u00e9ticos em farm\u00e1cias de manipula\u00e7\u00e3o, auxiliar nos processos administrativos de empresas ligadas ao ramo farmac\u00eautico e dispensar medicamentos em\u00a0drogarias.\u00a0 Esse profissional pode exercer suas atividades em:Ind\u00fastrias Farmac\u00eauticas \u2022\u00a0\u00a0\u00a0\u00a0Ind\u00fastrias de Cosm\u00e9ticos\u2022\u00a0\u00a0\u00a0\u00a0Distribuidoras de Medicamentos, Cosm\u00e9ticos, Mat\u00e9ria-Prima e Produtos Farmac\u00eauticos\u2022\u00a0\u00a0\u00a0\u00a0Farm\u00e1cias Hospitalares e de Unidades B\u00e1sicas de Sa\u00fade (UBS)\u2022\u00a0\u00a0\u00a0\u00a0Drogarias e Farm\u00e1cias Comerciais\u2022\u00a0\u00a0\u00a0\u00a0Farm\u00e1cias de Manipula\u00e7\u00e3o\u2022\u00a0\u00a0\u00a0\u00a0Farm\u00e1cias Homeop\u00e1ticas \u00a0 Aten\u00e7\u00e3o! Para garantir que voc\u00ea vai estudar em uma institui\u00e7\u00e3o com mais de 60 anos de tradi\u00e7\u00e3o e inova\u00e7\u00e3o, n\u00e3o se esque\u00e7a de escolher a unidade do Grupo Educacional Fupac\/Unipac mais perto de voc\u00ea! INSCREVA-SE AGORA!<\/p>\n","protected":false},"author":1,"featured_media":0,"parent":0,"menu_order":0,"comment_status":"closed","ping_status":"closed","template":"","meta":{"footnotes":""},"class_list":["post-884","page","type-page","status-publish","hentry"],"_links":{"self":[{"href":"https:\/\/trilhasdefuturo.unipac.br\/index.php?rest_route=\/wp\/v2\/pages\/884","targetHints":{"allow":["GET"]}}],"collection":[{"href":"https:\/\/trilhasdefuturo.unipac.br\/index.php?rest_route=\/wp\/v2\/pages"}],"about":[{"href":"https:\/\/trilhasdefuturo.unipac.br\/index.php?rest_route=\/wp\/v2\/types\/page"}],"author":[{"embeddable":true,"href":"https:\/\/trilhasdefuturo.unipac.br\/index.php?rest_route=\/wp\/v2\/users\/1"}],"replies":[{"embeddable":true,"href":"https:\/\/trilhasdefuturo.unipac.br\/index.php?rest_route=%2Fwp%2Fv2%2Fcomments&post=884"}],"version-history":[{"count":16,"href":"https:\/\/trilhasdefuturo.unipac.br\/index.php?rest_route=\/wp\/v2\/pages\/884\/revisions"}],"predecessor-version":[{"id":1329,"href":"https:\/\/trilhasdefuturo.unipac.br\/index.php?rest_route=\/wp\/v2\/pages\/884\/revisions\/1329"}],"wp:attachment":[{"href":"https:\/\/trilhasdefuturo.unipac.br\/index.php?rest_route=%2Fwp%2Fv2%2Fmedia&parent=884"}],"curies":[{"name":"wp","href":"https:\/\/api.w.org\/{rel}","templated":true}]}}