{"id":866,"date":"2024-09-20T14:01:24","date_gmt":"2024-09-20T14:01:24","guid":{"rendered":"https:\/\/trilhasdefuturo.unipac.br\/?page_id=866"},"modified":"2025-09-11T15:00:15","modified_gmt":"2025-09-11T15:00:15","slug":"tecnico-em-redes-de-computadores","status":"publish","type":"page","link":"https:\/\/trilhasdefuturo.unipac.br\/?page_id=866","title":{"rendered":"T\u00c9CNICO EM REDES DE COMPUTADORES"},"content":{"rendered":"\t\t<div data-elementor-type=\"wp-page\" data-elementor-id=\"866\" class=\"elementor elementor-866\" data-elementor-post-type=\"page\">\n\t\t\t\t\t\t<section class=\"elementor-section elementor-top-section elementor-element elementor-element-8ce375b elementor-section-boxed elementor-section-height-default elementor-section-height-default wpr-particle-no wpr-jarallax-no wpr-parallax-no wpr-sticky-section-no\" data-id=\"8ce375b\" data-element_type=\"section\">\n\t\t\t\t\t\t<div class=\"elementor-container elementor-column-gap-default\">\n\t\t\t\t\t<div class=\"elementor-column elementor-col-50 elementor-top-column elementor-element elementor-element-1fd95a2\" data-id=\"1fd95a2\" data-element_type=\"column\">\n\t\t\t<div class=\"elementor-widget-wrap elementor-element-populated\">\n\t\t\t\t\t\t<div class=\"elementor-element elementor-element-bda1ba6 elementor-widget elementor-widget-image\" data-id=\"bda1ba6\" data-element_type=\"widget\" data-widget_type=\"image.default\">\n\t\t\t\t<div class=\"elementor-widget-container\">\n\t\t\t\t\t\t\t\t\t\t\t\t\t\t\t<img fetchpriority=\"high\" decoding=\"async\" width=\"800\" height=\"1000\" src=\"https:\/\/trilhasdefuturo.unipac.br\/wp-content\/uploads\/2025\/09\/Redes-de-Computadores-819x1024.jpg\" class=\"attachment-large size-large wp-image-1229\" alt=\"\" srcset=\"https:\/\/trilhasdefuturo.unipac.br\/wp-content\/uploads\/2025\/09\/Redes-de-Computadores-819x1024.jpg 819w, https:\/\/trilhasdefuturo.unipac.br\/wp-content\/uploads\/2025\/09\/Redes-de-Computadores-240x300.jpg 240w, https:\/\/trilhasdefuturo.unipac.br\/wp-content\/uploads\/2025\/09\/Redes-de-Computadores-768x960.jpg 768w, https:\/\/trilhasdefuturo.unipac.br\/wp-content\/uploads\/2025\/09\/Redes-de-Computadores.jpg 1080w\" sizes=\"(max-width: 800px) 100vw, 800px\" \/>\t\t\t\t\t\t\t\t\t\t\t\t\t\t\t<\/div>\n\t\t\t\t<\/div>\n\t\t\t\t\t<\/div>\n\t\t<\/div>\n\t\t\t\t<div class=\"elementor-column elementor-col-50 elementor-top-column elementor-element elementor-element-b831b5e\" data-id=\"b831b5e\" data-element_type=\"column\">\n\t\t\t<div class=\"elementor-widget-wrap elementor-element-populated\">\n\t\t\t\t\t\t<div class=\"elementor-element elementor-element-f15dbec elementor-widget elementor-widget-heading\" data-id=\"f15dbec\" data-element_type=\"widget\" data-widget_type=\"heading.default\">\n\t\t\t\t<div class=\"elementor-widget-container\">\n\t\t\t\t\t<h2 class=\"elementor-heading-title elementor-size-default\">T\u00c9CNICO EM REDES DE COMPUTADORES<\/h2>\t\t\t\t<\/div>\n\t\t\t\t<\/div>\n\t\t\t\t<div class=\"elementor-element elementor-element-d08a693 elementor-widget elementor-widget-text-editor\" data-id=\"d08a693\" data-element_type=\"widget\" data-widget_type=\"text-editor.default\">\n\t\t\t\t<div class=\"elementor-widget-container\">\n\t\t\t\t\t\t\t\t\t<p>O\u00a0<strong>curso t\u00e9cnico em Redes de Computadores<\/strong>\u00a0\u00e9 capaz de inserir o aluno com rapidez no mercado de trabalho, pois essa \u00e9 uma \u00e1rea que n\u00e3o para de crescer. Isso se deve as necessidades das empresas em implantar novos sistemas de computa\u00e7\u00e3o.<\/p><p>Esse curso \u00e9 voltado para as pessoas que t\u00eam\u00a0<strong>ensino m\u00e9dio\u00a0<\/strong>completo e durante a forma\u00e7\u00e3o ser\u00e3o preparadas para auxiliar na elabora\u00e7\u00e3o de projetos e na constru\u00e7\u00e3o de computadores pessoais, de empresas e de produ\u00e7\u00e3o automatizada.\u00a0<\/p>\t\t\t\t\t\t\t\t<\/div>\n\t\t\t\t<\/div>\n\t\t\t\t<div class=\"elementor-element elementor-element-70b603a elementor-align-center elementor-widget elementor-widget-button\" data-id=\"70b603a\" data-element_type=\"widget\" data-widget_type=\"button.default\">\n\t\t\t\t<div class=\"elementor-widget-container\">\n\t\t\t\t\t\t\t\t\t<div class=\"elementor-button-wrapper\">\n\t\t\t\t\t<a class=\"elementor-button elementor-button-link elementor-size-sm\" href=\"https:\/\/www.trilhasdefuturo.mg.gov.br\/app\/verificacao\">\n\t\t\t\t\t\t<span class=\"elementor-button-content-wrapper\">\n\t\t\t\t\t\t\t\t\t<span class=\"elementor-button-text\">INSCREVA-SE AGORA!<\/span>\n\t\t\t\t\t<\/span>\n\t\t\t\t\t<\/a>\n\t\t\t\t<\/div>\n\t\t\t\t\t\t\t\t<\/div>\n\t\t\t\t<\/div>\n\t\t\t\t\t<\/div>\n\t\t<\/div>\n\t\t\t\t\t<\/div>\n\t\t<\/section>\n\t\t\t\t<section class=\"elementor-section elementor-top-section elementor-element elementor-element-d6511c5 elementor-section-boxed elementor-section-height-default elementor-section-height-default wpr-particle-no wpr-jarallax-no wpr-parallax-no wpr-sticky-section-no\" data-id=\"d6511c5\" data-element_type=\"section\">\n\t\t\t\t\t\t<div class=\"elementor-container elementor-column-gap-default\">\n\t\t\t\t\t<div class=\"elementor-column elementor-col-100 elementor-top-column elementor-element elementor-element-e849a75\" data-id=\"e849a75\" data-element_type=\"column\">\n\t\t\t<div class=\"elementor-widget-wrap elementor-element-populated\">\n\t\t\t\t\t\t<div class=\"elementor-element elementor-element-f952caa elementor-widget elementor-widget-spacer\" data-id=\"f952caa\" data-element_type=\"widget\" data-widget_type=\"spacer.default\">\n\t\t\t\t<div class=\"elementor-widget-container\">\n\t\t\t\t\t\t\t<div class=\"elementor-spacer\">\n\t\t\t<div class=\"elementor-spacer-inner\"><\/div>\n\t\t<\/div>\n\t\t\t\t\t\t<\/div>\n\t\t\t\t<\/div>\n\t\t\t\t\t<\/div>\n\t\t<\/div>\n\t\t\t\t\t<\/div>\n\t\t<\/section>\n\t\t\t\t<section class=\"elementor-section elementor-top-section elementor-element elementor-element-a7e8002 elementor-section-boxed elementor-section-height-default elementor-section-height-default wpr-particle-no wpr-jarallax-no wpr-parallax-no wpr-sticky-section-no\" data-id=\"a7e8002\" data-element_type=\"section\">\n\t\t\t\t\t\t<div class=\"elementor-container elementor-column-gap-default\">\n\t\t\t\t\t<div class=\"elementor-column elementor-col-50 elementor-top-column elementor-element elementor-element-7e58a2b\" data-id=\"7e58a2b\" data-element_type=\"column\">\n\t\t\t<div class=\"elementor-widget-wrap elementor-element-populated\">\n\t\t\t\t\t\t<div class=\"elementor-element elementor-element-5533258 elementor-widget elementor-widget-text-editor\" data-id=\"5533258\" data-element_type=\"widget\" data-widget_type=\"text-editor.default\">\n\t\t\t\t<div class=\"elementor-widget-container\">\n\t\t\t\t\t\t\t\t\t<p><strong>Habilidades | T\u00e9cnico de Redes de Computadores<\/strong><\/p><p>\u00a0Entre as habilidades do curso de t\u00e9cnico em Redes de Computadores est\u00e1 dominar outro idioma, em destaque o\u00a0<strong>ingl\u00eas<\/strong>, j\u00e1 que \u00e9 o idioma mais usado na \u00e1rea de TI. Esse profissional tamb\u00e9m precisa ser criativo para o desenvolvimento tecnol\u00f3gico e sa\u00eddas diferenciadas para encontrar solu\u00e7\u00f5es para os problemas.\u00a0<\/p>\t\t\t\t\t\t\t\t<\/div>\n\t\t\t\t<\/div>\n\t\t\t\t\t<\/div>\n\t\t<\/div>\n\t\t\t\t<div class=\"elementor-column elementor-col-50 elementor-top-column elementor-element elementor-element-94475c6\" data-id=\"94475c6\" data-element_type=\"column\">\n\t\t\t<div class=\"elementor-widget-wrap elementor-element-populated\">\n\t\t\t\t\t\t<div class=\"elementor-element elementor-element-eb9024b elementor-widget elementor-widget-text-editor\" data-id=\"eb9024b\" data-element_type=\"widget\" data-widget_type=\"text-editor.default\">\n\t\t\t\t<div class=\"elementor-widget-container\">\n\t\t\t\t\t\t\t\t\t<p><strong>Carreira | T\u00e9cnico de Redes de Computadores<\/strong><\/p><p>O\u00a0<strong>t\u00e9cnico em Redes de Computadores\u00a0<\/strong>pode trabalhar instalando e configurando dispositivos de comunica\u00e7\u00e3o digital e programas de computadores em equipamentos de rede. Ao concluir o curso, este profissional estar\u00e1 apto para corrigir falhas de rede, configurar acessos de usu\u00e1rios a uma rede de computadores e configurar servidores de web.<\/p><p>O mercado de trabalho n\u00e3o para de crescer nessa \u00e1rea. De acordo com a Cisco, l\u00edder mundial de TI e redes, no Brasil faltam 117 mil especialistas em redes e conectividade.\u00a0<\/p><p>\u00a0<\/p>\t\t\t\t\t\t\t\t<\/div>\n\t\t\t\t<\/div>\n\t\t\t\t\t<\/div>\n\t\t<\/div>\n\t\t\t\t\t<\/div>\n\t\t<\/section>\n\t\t\t\t<section class=\"elementor-section elementor-top-section elementor-element elementor-element-ea28850 elementor-section-boxed elementor-section-height-default elementor-section-height-default wpr-particle-no wpr-jarallax-no wpr-parallax-no wpr-sticky-section-no\" data-id=\"ea28850\" data-element_type=\"section\">\n\t\t\t\t\t\t<div class=\"elementor-container elementor-column-gap-default\">\n\t\t\t\t\t<div class=\"elementor-column elementor-col-100 elementor-top-column elementor-element elementor-element-85e0adc\" data-id=\"85e0adc\" data-element_type=\"column\">\n\t\t\t<div class=\"elementor-widget-wrap elementor-element-populated\">\n\t\t\t\t\t\t<div class=\"elementor-element elementor-element-ce28bdf elementor-widget elementor-widget-spacer\" data-id=\"ce28bdf\" data-element_type=\"widget\" data-widget_type=\"spacer.default\">\n\t\t\t\t<div class=\"elementor-widget-container\">\n\t\t\t\t\t\t\t<div class=\"elementor-spacer\">\n\t\t\t<div class=\"elementor-spacer-inner\"><\/div>\n\t\t<\/div>\n\t\t\t\t\t\t<\/div>\n\t\t\t\t<\/div>\n\t\t\t\t\t<\/div>\n\t\t<\/div>\n\t\t\t\t\t<\/div>\n\t\t<\/section>\n\t\t\t\t<section class=\"elementor-section elementor-top-section elementor-element elementor-element-114c0df2 elementor-section-boxed elementor-section-height-default elementor-section-height-default wpr-particle-no wpr-jarallax-no wpr-parallax-no wpr-sticky-section-no\" data-id=\"114c0df2\" data-element_type=\"section\">\n\t\t\t\t\t\t<div class=\"elementor-container elementor-column-gap-default\">\n\t\t\t\t\t<div class=\"elementor-column elementor-col-100 elementor-top-column elementor-element elementor-element-4fbb70a6\" data-id=\"4fbb70a6\" data-element_type=\"column\">\n\t\t\t<div class=\"elementor-widget-wrap elementor-element-populated\">\n\t\t\t\t\t\t<div class=\"elementor-element elementor-element-a42771b elementor-widget elementor-widget-heading\" data-id=\"a42771b\" data-element_type=\"widget\" data-widget_type=\"heading.default\">\n\t\t\t\t<div class=\"elementor-widget-container\">\n\t\t\t\t\t<h2 class=\"elementor-heading-title elementor-size-default\">Aten\u00e7\u00e3o!<br> Para garantir que voc\u00ea vai estudar em uma institui\u00e7\u00e3o com mais de 60 anos de tradi\u00e7\u00e3o e inova\u00e7\u00e3o, n\u00e3o se esque\u00e7a de escolher a unidade do Grupo Educacional Fupac\/Unipac mais perto de voc\u00ea!<\/h2>\t\t\t\t<\/div>\n\t\t\t\t<\/div>\n\t\t\t\t<div class=\"elementor-element elementor-element-4663a7f2 elementor-align-center elementor-widget elementor-widget-button\" data-id=\"4663a7f2\" data-element_type=\"widget\" data-widget_type=\"button.default\">\n\t\t\t\t<div class=\"elementor-widget-container\">\n\t\t\t\t\t\t\t\t\t<div class=\"elementor-button-wrapper\">\n\t\t\t\t\t<a class=\"elementor-button elementor-button-link elementor-size-sm\" href=\"https:\/\/www.trilhasdefuturo.mg.gov.br\/app\/verificacao\">\n\t\t\t\t\t\t<span class=\"elementor-button-content-wrapper\">\n\t\t\t\t\t\t\t\t\t<span class=\"elementor-button-text\">INSCREVA-SE AGORA!<\/span>\n\t\t\t\t\t<\/span>\n\t\t\t\t\t<\/a>\n\t\t\t\t<\/div>\n\t\t\t\t\t\t\t\t<\/div>\n\t\t\t\t<\/div>\n\t\t\t\t\t<\/div>\n\t\t<\/div>\n\t\t\t\t\t<\/div>\n\t\t<\/section>\n\t\t\t\t<\/div>\n\t\t","protected":false},"excerpt":{"rendered":"<p>T\u00c9CNICO EM REDES DE COMPUTADORES O\u00a0curso t\u00e9cnico em Redes de Computadores\u00a0\u00e9 capaz de inserir o aluno com rapidez no mercado de trabalho, pois essa \u00e9 uma \u00e1rea que n\u00e3o para de crescer. Isso se deve as necessidades das empresas em implantar novos sistemas de computa\u00e7\u00e3o. Esse curso \u00e9 voltado para as pessoas que t\u00eam\u00a0ensino m\u00e9dio\u00a0completo e durante a forma\u00e7\u00e3o ser\u00e3o preparadas para auxiliar na elabora\u00e7\u00e3o de projetos e na constru\u00e7\u00e3o de computadores pessoais, de empresas e de produ\u00e7\u00e3o automatizada.\u00a0 INSCREVA-SE AGORA! Habilidades | T\u00e9cnico de Redes de Computadores \u00a0Entre as habilidades do curso de t\u00e9cnico em Redes de Computadores est\u00e1 dominar outro idioma, em destaque o\u00a0ingl\u00eas, j\u00e1 que \u00e9 o idioma mais usado na \u00e1rea de TI. Esse profissional tamb\u00e9m precisa ser criativo para o desenvolvimento tecnol\u00f3gico e sa\u00eddas diferenciadas para encontrar solu\u00e7\u00f5es para os problemas.\u00a0 Carreira | T\u00e9cnico de Redes de Computadores O\u00a0t\u00e9cnico em Redes de Computadores\u00a0pode trabalhar instalando e configurando dispositivos de comunica\u00e7\u00e3o digital e programas de computadores em equipamentos de rede. Ao concluir o curso, este profissional estar\u00e1 apto para corrigir falhas de rede, configurar acessos de usu\u00e1rios a uma rede de computadores e configurar servidores de web. O mercado de trabalho n\u00e3o para de crescer nessa \u00e1rea. De acordo com a Cisco, l\u00edder mundial de TI e redes, no Brasil faltam 117 mil especialistas em redes e conectividade.\u00a0 \u00a0 Aten\u00e7\u00e3o! Para garantir que voc\u00ea vai estudar em uma institui\u00e7\u00e3o com mais de 60 anos de tradi\u00e7\u00e3o e inova\u00e7\u00e3o, n\u00e3o se esque\u00e7a de escolher a unidade do Grupo Educacional Fupac\/Unipac mais perto de voc\u00ea! INSCREVA-SE AGORA!<\/p>\n","protected":false},"author":1,"featured_media":0,"parent":0,"menu_order":0,"comment_status":"closed","ping_status":"closed","template":"","meta":{"footnotes":""},"class_list":["post-866","page","type-page","status-publish","hentry"],"_links":{"self":[{"href":"https:\/\/trilhasdefuturo.unipac.br\/index.php?rest_route=\/wp\/v2\/pages\/866","targetHints":{"allow":["GET"]}}],"collection":[{"href":"https:\/\/trilhasdefuturo.unipac.br\/index.php?rest_route=\/wp\/v2\/pages"}],"about":[{"href":"https:\/\/trilhasdefuturo.unipac.br\/index.php?rest_route=\/wp\/v2\/types\/page"}],"author":[{"embeddable":true,"href":"https:\/\/trilhasdefuturo.unipac.br\/index.php?rest_route=\/wp\/v2\/users\/1"}],"replies":[{"embeddable":true,"href":"https:\/\/trilhasdefuturo.unipac.br\/index.php?rest_route=%2Fwp%2Fv2%2Fcomments&post=866"}],"version-history":[{"count":13,"href":"https:\/\/trilhasdefuturo.unipac.br\/index.php?rest_route=\/wp\/v2\/pages\/866\/revisions"}],"predecessor-version":[{"id":1353,"href":"https:\/\/trilhasdefuturo.unipac.br\/index.php?rest_route=\/wp\/v2\/pages\/866\/revisions\/1353"}],"wp:attachment":[{"href":"https:\/\/trilhasdefuturo.unipac.br\/index.php?rest_route=%2Fwp%2Fv2%2Fmedia&parent=866"}],"curies":[{"name":"wp","href":"https:\/\/api.w.org\/{rel}","templated":true}]}}