{"id":571,"date":"2023-04-19T19:10:59","date_gmt":"2023-04-19T19:10:59","guid":{"rendered":"https:\/\/trilhasdefuturo.unipac.br\/?page_id=571"},"modified":"2025-09-11T14:58:05","modified_gmt":"2025-09-11T14:58:05","slug":"tecnico-em-podologia","status":"publish","type":"page","link":"https:\/\/trilhasdefuturo.unipac.br\/?page_id=571","title":{"rendered":"T\u00e9cnico em Podologia"},"content":{"rendered":"\t\t<div data-elementor-type=\"wp-page\" data-elementor-id=\"571\" class=\"elementor elementor-571\" data-elementor-post-type=\"page\">\n\t\t\t\t\t\t<section class=\"elementor-section elementor-top-section elementor-element elementor-element-8ce375b elementor-section-boxed elementor-section-height-default elementor-section-height-default wpr-particle-no wpr-jarallax-no wpr-parallax-no wpr-sticky-section-no\" data-id=\"8ce375b\" data-element_type=\"section\">\n\t\t\t\t\t\t<div class=\"elementor-container elementor-column-gap-default\">\n\t\t\t\t\t<div class=\"elementor-column elementor-col-50 elementor-top-column elementor-element elementor-element-1fd95a2\" data-id=\"1fd95a2\" data-element_type=\"column\">\n\t\t\t<div class=\"elementor-widget-wrap elementor-element-populated\">\n\t\t\t\t\t\t<div class=\"elementor-element elementor-element-bda1ba6 elementor-widget elementor-widget-image\" data-id=\"bda1ba6\" data-element_type=\"widget\" data-widget_type=\"image.default\">\n\t\t\t\t<div class=\"elementor-widget-container\">\n\t\t\t\t\t\t\t\t\t\t\t\t\t\t\t<img fetchpriority=\"high\" decoding=\"async\" width=\"800\" height=\"1000\" src=\"https:\/\/trilhasdefuturo.unipac.br\/wp-content\/uploads\/2025\/09\/Podologia-819x1024.jpg\" class=\"attachment-large size-large wp-image-1226\" alt=\"\" srcset=\"https:\/\/trilhasdefuturo.unipac.br\/wp-content\/uploads\/2025\/09\/Podologia-819x1024.jpg 819w, https:\/\/trilhasdefuturo.unipac.br\/wp-content\/uploads\/2025\/09\/Podologia-240x300.jpg 240w, https:\/\/trilhasdefuturo.unipac.br\/wp-content\/uploads\/2025\/09\/Podologia-768x960.jpg 768w, https:\/\/trilhasdefuturo.unipac.br\/wp-content\/uploads\/2025\/09\/Podologia.jpg 1080w\" sizes=\"(max-width: 800px) 100vw, 800px\" \/>\t\t\t\t\t\t\t\t\t\t\t\t\t\t\t<\/div>\n\t\t\t\t<\/div>\n\t\t\t\t\t<\/div>\n\t\t<\/div>\n\t\t\t\t<div class=\"elementor-column elementor-col-50 elementor-top-column elementor-element elementor-element-b831b5e\" data-id=\"b831b5e\" data-element_type=\"column\">\n\t\t\t<div class=\"elementor-widget-wrap elementor-element-populated\">\n\t\t\t\t\t\t<div class=\"elementor-element elementor-element-9f2fd8b elementor-widget elementor-widget-spacer\" data-id=\"9f2fd8b\" data-element_type=\"widget\" data-widget_type=\"spacer.default\">\n\t\t\t\t<div class=\"elementor-widget-container\">\n\t\t\t\t\t\t\t<div class=\"elementor-spacer\">\n\t\t\t<div class=\"elementor-spacer-inner\"><\/div>\n\t\t<\/div>\n\t\t\t\t\t\t<\/div>\n\t\t\t\t<\/div>\n\t\t\t\t<div class=\"elementor-element elementor-element-f15dbec elementor-widget elementor-widget-heading\" data-id=\"f15dbec\" data-element_type=\"widget\" data-widget_type=\"heading.default\">\n\t\t\t\t<div class=\"elementor-widget-container\">\n\t\t\t\t\t<h2 class=\"elementor-heading-title elementor-size-default\">T\u00e9cnico em Podologia<\/h2>\t\t\t\t<\/div>\n\t\t\t\t<\/div>\n\t\t\t\t<div class=\"elementor-element elementor-element-d08a693 elementor-widget elementor-widget-text-editor\" data-id=\"d08a693\" data-element_type=\"widget\" data-widget_type=\"text-editor.default\">\n\t\t\t\t<div class=\"elementor-widget-container\">\n\t\t\t\t\t\t\t\t\t<p><strong>O T\u00e9cnico em Podologia ser\u00e1 habilitado para:<\/strong><\/p><ul><li>Realizar a\u00e7\u00f5es de promo\u00e7\u00e3o da sa\u00fade e de preven\u00e7\u00e3o das podopatias.<\/li><li>Avaliar condi\u00e7\u00f5es da pele e anexos dos p\u00e9s.<\/li><li>Identificar les\u00f5es elementares externas dos p\u00e9s e realizar procedimentos podol\u00f3gicos em diferentes tipos de afec\u00e7\u00f5es, utilizando t\u00e9cnicas de desbastamento e de corre\u00e7\u00e3o das unhas; aplica\u00e7\u00e3o de medicamentos t\u00f3picos prescritos em receitas m\u00e9dicas e aplica\u00e7\u00e3o de curativos, em conformidade com as normas e legisla\u00e7\u00f5es vigentes.<\/li><li>Selecionar e executar procedimentos de higieniza\u00e7\u00e3o, prote\u00e7\u00e3o, tratamento e manuten\u00e7\u00e3o.<\/li><li>Utilizar t\u00e9cnicas manuais e equipamentos para podologia.<\/li><li>Utilizar t\u00e9cnicas de acordo com as caracter\u00edsticas anat\u00f4micas, fisiol\u00f3gicas e fisiopatol\u00f3gicas dos p\u00e9s.<\/li><li>Selecionar e aplicar procedimentos de profilaxia do ambiente e dos instrumentais.<\/li><\/ul>\t\t\t\t\t\t\t\t<\/div>\n\t\t\t\t<\/div>\n\t\t\t\t\t<\/div>\n\t\t<\/div>\n\t\t\t\t\t<\/div>\n\t\t<\/section>\n\t\t\t\t<section class=\"elementor-section elementor-top-section elementor-element elementor-element-d6511c5 elementor-section-boxed elementor-section-height-default elementor-section-height-default wpr-particle-no wpr-jarallax-no wpr-parallax-no wpr-sticky-section-no\" data-id=\"d6511c5\" data-element_type=\"section\">\n\t\t\t\t\t\t<div class=\"elementor-container elementor-column-gap-default\">\n\t\t\t\t\t<div class=\"elementor-column elementor-col-100 elementor-top-column elementor-element elementor-element-e849a75\" data-id=\"e849a75\" data-element_type=\"column\">\n\t\t\t<div class=\"elementor-widget-wrap elementor-element-populated\">\n\t\t\t\t\t\t<div class=\"elementor-element elementor-element-f952caa elementor-widget elementor-widget-spacer\" data-id=\"f952caa\" data-element_type=\"widget\" data-widget_type=\"spacer.default\">\n\t\t\t\t<div class=\"elementor-widget-container\">\n\t\t\t\t\t\t\t<div class=\"elementor-spacer\">\n\t\t\t<div class=\"elementor-spacer-inner\"><\/div>\n\t\t<\/div>\n\t\t\t\t\t\t<\/div>\n\t\t\t\t<\/div>\n\t\t\t\t\t<\/div>\n\t\t<\/div>\n\t\t\t\t\t<\/div>\n\t\t<\/section>\n\t\t\t\t<section class=\"elementor-section elementor-top-section elementor-element elementor-element-6e0215d elementor-section-boxed elementor-section-height-default elementor-section-height-default wpr-particle-no wpr-jarallax-no wpr-parallax-no wpr-sticky-section-no\" data-id=\"6e0215d\" data-element_type=\"section\">\n\t\t\t\t\t\t<div class=\"elementor-container elementor-column-gap-default\">\n\t\t\t\t\t<div class=\"elementor-column elementor-col-50 elementor-top-column elementor-element elementor-element-a7e7244\" data-id=\"a7e7244\" data-element_type=\"column\">\n\t\t\t<div class=\"elementor-widget-wrap elementor-element-populated\">\n\t\t\t\t\t\t<div class=\"elementor-element elementor-element-5ca94fd elementor-widget elementor-widget-text-editor\" data-id=\"5ca94fd\" data-element_type=\"widget\" data-widget_type=\"text-editor.default\">\n\t\t\t\t<div class=\"elementor-widget-container\">\n\t\t\t\t\t\t\t\t\t<p><strong>Para a atua\u00e7\u00e3o como T\u00e9cnico em Podologia, s\u00e3o fundamentais:<\/strong><\/p><ul><li>Conhecimentos das pol\u00edticas p\u00fablicas de sa\u00fade e compreens\u00e3o de sua atua\u00e7\u00e3o profissional frente \u00e0s diretrizes, princ\u00edpios e estrutura organizacional do Sistema \u00danico de Sa\u00fade (SUS).<\/li><li>Conhecimentos e saberes relacionados aos princ\u00edpios das t\u00e9cnicas aplicadas na \u00e1rea, sempre pautados numa postura humana e \u00e9tica<\/li><li>Organiza\u00e7\u00e3o, responsabilidade, iniciativa social.<\/li><li>Atualiza\u00e7\u00e3o e aperfei\u00e7oamento profissional por meio da educa\u00e7\u00e3o continuada.<\/li><\/ul>\t\t\t\t\t\t\t\t<\/div>\n\t\t\t\t<\/div>\n\t\t\t\t\t<\/div>\n\t\t<\/div>\n\t\t\t\t<div class=\"elementor-column elementor-col-50 elementor-top-column elementor-element elementor-element-625df52\" data-id=\"625df52\" data-element_type=\"column\" data-settings=\"{&quot;background_background&quot;:&quot;classic&quot;}\">\n\t\t\t<div class=\"elementor-widget-wrap elementor-element-populated\">\n\t\t\t\t\t\t<div class=\"elementor-element elementor-element-b83c323 elementor-widget elementor-widget-text-editor\" data-id=\"b83c323\" data-element_type=\"widget\" data-widget_type=\"text-editor.default\">\n\t\t\t\t<div class=\"elementor-widget-container\">\n\t\t\t\t\t\t\t\t\t<p><strong>Campo de atua\u00e7\u00e3o<\/strong><\/p><ul><li>Associa\u00e7\u00f5es Desportivas<\/li><li>Centros de Atendimento a Idosos<\/li><li>Cl\u00ednicas de Reabilita\u00e7\u00e3o<\/li><li>Cl\u00ednicas Podol\u00f3gicas<\/li><li>Hospitais<\/li><li>Institui\u00e7\u00f5es de Sa\u00fade<\/li><li>Institutos de Longa Perman\u00eancia (IPL)<\/li><li>Profissional Aut\u00f4nomo<\/li><li>Unidades B\u00e1sicas de Sa\u00fade<\/li><\/ul>\t\t\t\t\t\t\t\t<\/div>\n\t\t\t\t<\/div>\n\t\t\t\t\t<\/div>\n\t\t<\/div>\n\t\t\t\t\t<\/div>\n\t\t<\/section>\n\t\t\t\t<section class=\"elementor-section elementor-top-section elementor-element elementor-element-1a49c74f elementor-section-boxed elementor-section-height-default elementor-section-height-default wpr-particle-no wpr-jarallax-no wpr-parallax-no wpr-sticky-section-no\" data-id=\"1a49c74f\" data-element_type=\"section\">\n\t\t\t\t\t\t<div class=\"elementor-container elementor-column-gap-default\">\n\t\t\t\t\t<div class=\"elementor-column elementor-col-100 elementor-top-column elementor-element elementor-element-7a5d3b1\" data-id=\"7a5d3b1\" data-element_type=\"column\">\n\t\t\t<div class=\"elementor-widget-wrap elementor-element-populated\">\n\t\t\t\t\t\t<div class=\"elementor-element elementor-element-26080f0 elementor-widget elementor-widget-heading\" data-id=\"26080f0\" data-element_type=\"widget\" data-widget_type=\"heading.default\">\n\t\t\t\t<div class=\"elementor-widget-container\">\n\t\t\t\t\t<h2 class=\"elementor-heading-title elementor-size-default\">Aten\u00e7\u00e3o!<br> Para garantir que voc\u00ea vai estudar em uma institui\u00e7\u00e3o com mais de 60 anos de tradi\u00e7\u00e3o e inova\u00e7\u00e3o, n\u00e3o se esque\u00e7a de escolher a unidade do Grupo Educacional Fupac\/Unipac mais perto de voc\u00ea!<\/h2>\t\t\t\t<\/div>\n\t\t\t\t<\/div>\n\t\t\t\t<div class=\"elementor-element elementor-element-51ca17ef elementor-align-center elementor-widget elementor-widget-button\" data-id=\"51ca17ef\" data-element_type=\"widget\" data-widget_type=\"button.default\">\n\t\t\t\t<div class=\"elementor-widget-container\">\n\t\t\t\t\t\t\t\t\t<div class=\"elementor-button-wrapper\">\n\t\t\t\t\t<a class=\"elementor-button elementor-button-link elementor-size-sm\" href=\"https:\/\/www.trilhasdefuturo.mg.gov.br\/app\/verificacao\">\n\t\t\t\t\t\t<span class=\"elementor-button-content-wrapper\">\n\t\t\t\t\t\t\t\t\t<span class=\"elementor-button-text\">INSCREVA-SE AGORA!<\/span>\n\t\t\t\t\t<\/span>\n\t\t\t\t\t<\/a>\n\t\t\t\t<\/div>\n\t\t\t\t\t\t\t\t<\/div>\n\t\t\t\t<\/div>\n\t\t\t\t\t<\/div>\n\t\t<\/div>\n\t\t\t\t\t<\/div>\n\t\t<\/section>\n\t\t\t\t<section class=\"elementor-section elementor-top-section elementor-element elementor-element-ea28850 elementor-section-boxed elementor-section-height-default elementor-section-height-default wpr-particle-no wpr-jarallax-no wpr-parallax-no wpr-sticky-section-no\" data-id=\"ea28850\" data-element_type=\"section\">\n\t\t\t\t\t\t<div class=\"elementor-container elementor-column-gap-default\">\n\t\t\t\t\t<div class=\"elementor-column elementor-col-100 elementor-top-column elementor-element elementor-element-85e0adc\" data-id=\"85e0adc\" data-element_type=\"column\">\n\t\t\t<div class=\"elementor-widget-wrap elementor-element-populated\">\n\t\t\t\t\t\t<div class=\"elementor-element elementor-element-ce28bdf elementor-widget elementor-widget-spacer\" data-id=\"ce28bdf\" data-element_type=\"widget\" data-widget_type=\"spacer.default\">\n\t\t\t\t<div class=\"elementor-widget-container\">\n\t\t\t\t\t\t\t<div class=\"elementor-spacer\">\n\t\t\t<div class=\"elementor-spacer-inner\"><\/div>\n\t\t<\/div>\n\t\t\t\t\t\t<\/div>\n\t\t\t\t<\/div>\n\t\t\t\t\t<\/div>\n\t\t<\/div>\n\t\t\t\t\t<\/div>\n\t\t<\/section>\n\t\t\t\t<\/div>\n\t\t","protected":false},"excerpt":{"rendered":"<p>T\u00e9cnico em Podologia O T\u00e9cnico em Podologia ser\u00e1 habilitado para: Realizar a\u00e7\u00f5es de promo\u00e7\u00e3o da sa\u00fade e de preven\u00e7\u00e3o das podopatias. Avaliar condi\u00e7\u00f5es da pele e anexos dos p\u00e9s. Identificar les\u00f5es elementares externas dos p\u00e9s e realizar procedimentos podol\u00f3gicos em diferentes tipos de afec\u00e7\u00f5es, utilizando t\u00e9cnicas de desbastamento e de corre\u00e7\u00e3o das unhas; aplica\u00e7\u00e3o de medicamentos t\u00f3picos prescritos em receitas m\u00e9dicas e aplica\u00e7\u00e3o de curativos, em conformidade com as normas e legisla\u00e7\u00f5es vigentes. Selecionar e executar procedimentos de higieniza\u00e7\u00e3o, prote\u00e7\u00e3o, tratamento e manuten\u00e7\u00e3o. Utilizar t\u00e9cnicas manuais e equipamentos para podologia. Utilizar t\u00e9cnicas de acordo com as caracter\u00edsticas anat\u00f4micas, fisiol\u00f3gicas e fisiopatol\u00f3gicas dos p\u00e9s. Selecionar e aplicar procedimentos de profilaxia do ambiente e dos instrumentais. Para a atua\u00e7\u00e3o como T\u00e9cnico em Podologia, s\u00e3o fundamentais: Conhecimentos das pol\u00edticas p\u00fablicas de sa\u00fade e compreens\u00e3o de sua atua\u00e7\u00e3o profissional frente \u00e0s diretrizes, princ\u00edpios e estrutura organizacional do Sistema \u00danico de Sa\u00fade (SUS). Conhecimentos e saberes relacionados aos princ\u00edpios das t\u00e9cnicas aplicadas na \u00e1rea, sempre pautados numa postura humana e \u00e9tica Organiza\u00e7\u00e3o, responsabilidade, iniciativa social. Atualiza\u00e7\u00e3o e aperfei\u00e7oamento profissional por meio da educa\u00e7\u00e3o continuada. Campo de atua\u00e7\u00e3o Associa\u00e7\u00f5es Desportivas Centros de Atendimento a Idosos Cl\u00ednicas de Reabilita\u00e7\u00e3o Cl\u00ednicas Podol\u00f3gicas Hospitais Institui\u00e7\u00f5es de Sa\u00fade Institutos de Longa Perman\u00eancia (IPL) Profissional Aut\u00f4nomo Unidades B\u00e1sicas de Sa\u00fade Aten\u00e7\u00e3o! Para garantir que voc\u00ea vai estudar em uma institui\u00e7\u00e3o com mais de 60 anos de tradi\u00e7\u00e3o e inova\u00e7\u00e3o, n\u00e3o se esque\u00e7a de escolher a unidade do Grupo Educacional Fupac\/Unipac mais perto de voc\u00ea! INSCREVA-SE AGORA!<\/p>\n","protected":false},"author":1,"featured_media":0,"parent":0,"menu_order":0,"comment_status":"closed","ping_status":"closed","template":"","meta":{"footnotes":""},"class_list":["post-571","page","type-page","status-publish","hentry"],"_links":{"self":[{"href":"https:\/\/trilhasdefuturo.unipac.br\/index.php?rest_route=\/wp\/v2\/pages\/571","targetHints":{"allow":["GET"]}}],"collection":[{"href":"https:\/\/trilhasdefuturo.unipac.br\/index.php?rest_route=\/wp\/v2\/pages"}],"about":[{"href":"https:\/\/trilhasdefuturo.unipac.br\/index.php?rest_route=\/wp\/v2\/types\/page"}],"author":[{"embeddable":true,"href":"https:\/\/trilhasdefuturo.unipac.br\/index.php?rest_route=\/wp\/v2\/users\/1"}],"replies":[{"embeddable":true,"href":"https:\/\/trilhasdefuturo.unipac.br\/index.php?rest_route=%2Fwp%2Fv2%2Fcomments&post=571"}],"version-history":[{"count":13,"href":"https:\/\/trilhasdefuturo.unipac.br\/index.php?rest_route=\/wp\/v2\/pages\/571\/revisions"}],"predecessor-version":[{"id":1344,"href":"https:\/\/trilhasdefuturo.unipac.br\/index.php?rest_route=\/wp\/v2\/pages\/571\/revisions\/1344"}],"wp:attachment":[{"href":"https:\/\/trilhasdefuturo.unipac.br\/index.php?rest_route=%2Fwp%2Fv2%2Fmedia&parent=571"}],"curies":[{"name":"wp","href":"https:\/\/api.w.org\/{rel}","templated":true}]}}