{"id":563,"date":"2023-04-19T19:06:19","date_gmt":"2023-04-19T19:06:19","guid":{"rendered":"https:\/\/trilhasdefuturo.unipac.br\/?page_id=563"},"modified":"2025-09-11T14:57:10","modified_gmt":"2025-09-11T14:57:10","slug":"tecnico-em-mineracao","status":"publish","type":"page","link":"https:\/\/trilhasdefuturo.unipac.br\/?page_id=563","title":{"rendered":"T\u00e9cnico em Minera\u00e7\u00e3o"},"content":{"rendered":"\t\t<div data-elementor-type=\"wp-page\" data-elementor-id=\"563\" class=\"elementor elementor-563\" data-elementor-post-type=\"page\">\n\t\t\t\t\t\t<section class=\"elementor-section elementor-top-section elementor-element elementor-element-8ce375b elementor-section-boxed elementor-section-height-default elementor-section-height-default wpr-particle-no wpr-jarallax-no wpr-parallax-no wpr-sticky-section-no\" data-id=\"8ce375b\" data-element_type=\"section\">\n\t\t\t\t\t\t<div class=\"elementor-container elementor-column-gap-default\">\n\t\t\t\t\t<div class=\"elementor-column elementor-col-50 elementor-top-column elementor-element elementor-element-1fd95a2\" data-id=\"1fd95a2\" data-element_type=\"column\">\n\t\t\t<div class=\"elementor-widget-wrap elementor-element-populated\">\n\t\t\t\t\t\t<div class=\"elementor-element elementor-element-bda1ba6 elementor-widget elementor-widget-image\" data-id=\"bda1ba6\" data-element_type=\"widget\" data-widget_type=\"image.default\">\n\t\t\t\t<div class=\"elementor-widget-container\">\n\t\t\t\t\t\t\t\t\t\t\t\t\t\t\t<img fetchpriority=\"high\" decoding=\"async\" width=\"800\" height=\"1000\" src=\"https:\/\/trilhasdefuturo.unipac.br\/wp-content\/uploads\/2025\/09\/Mineracao-819x1024.jpg\" class=\"attachment-large size-large wp-image-1225\" alt=\"\" srcset=\"https:\/\/trilhasdefuturo.unipac.br\/wp-content\/uploads\/2025\/09\/Mineracao-819x1024.jpg 819w, https:\/\/trilhasdefuturo.unipac.br\/wp-content\/uploads\/2025\/09\/Mineracao-240x300.jpg 240w, https:\/\/trilhasdefuturo.unipac.br\/wp-content\/uploads\/2025\/09\/Mineracao-768x960.jpg 768w, https:\/\/trilhasdefuturo.unipac.br\/wp-content\/uploads\/2025\/09\/Mineracao.jpg 1080w\" sizes=\"(max-width: 800px) 100vw, 800px\" \/>\t\t\t\t\t\t\t\t\t\t\t\t\t\t\t<\/div>\n\t\t\t\t<\/div>\n\t\t\t\t<div class=\"elementor-element elementor-element-397ab7b elementor-align-left elementor-widget elementor-widget-button\" data-id=\"397ab7b\" data-element_type=\"widget\" data-widget_type=\"button.default\">\n\t\t\t\t<div class=\"elementor-widget-container\">\n\t\t\t\t\t\t\t\t\t<div class=\"elementor-button-wrapper\">\n\t\t\t\t\t<a class=\"elementor-button elementor-button-link elementor-size-sm\" href=\"https:\/\/www.trilhasdefuturo.mg.gov.br\/app\/verificacao\">\n\t\t\t\t\t\t<span class=\"elementor-button-content-wrapper\">\n\t\t\t\t\t\t\t\t\t<span class=\"elementor-button-text\">INSCREVA-SE AGORA!<\/span>\n\t\t\t\t\t<\/span>\n\t\t\t\t\t<\/a>\n\t\t\t\t<\/div>\n\t\t\t\t\t\t\t\t<\/div>\n\t\t\t\t<\/div>\n\t\t\t\t\t<\/div>\n\t\t<\/div>\n\t\t\t\t<div class=\"elementor-column elementor-col-50 elementor-top-column elementor-element elementor-element-b831b5e\" data-id=\"b831b5e\" data-element_type=\"column\">\n\t\t\t<div class=\"elementor-widget-wrap elementor-element-populated\">\n\t\t\t\t\t\t<div class=\"elementor-element elementor-element-f15dbec elementor-widget elementor-widget-heading\" data-id=\"f15dbec\" data-element_type=\"widget\" data-widget_type=\"heading.default\">\n\t\t\t\t<div class=\"elementor-widget-container\">\n\t\t\t\t\t<h2 class=\"elementor-heading-title elementor-size-default\">T\u00e9cnico em Minera\u00e7\u00e3o<\/h2>\t\t\t\t<\/div>\n\t\t\t\t<\/div>\n\t\t\t\t<div class=\"elementor-element elementor-element-d08a693 elementor-widget elementor-widget-text-editor\" data-id=\"d08a693\" data-element_type=\"widget\" data-widget_type=\"text-editor.default\">\n\t\t\t\t<div class=\"elementor-widget-container\">\n\t\t\t\t\t\t\t\t\t<p><strong>O T\u00e9cnico em Minera\u00e7\u00e3o ser\u00e1 habilitado para:<\/strong><\/p><p>Realizar atividades de prospec\u00e7\u00e3o, avalia\u00e7\u00e3o t\u00e9cnica e econ\u00f4mica, planejamento, extra\u00e7\u00e3o e produ\u00e7\u00e3o referentes aos recursos naturais.<\/p><ul><li>Prestar assist\u00eancia t\u00e9cnica e assessoria ao estudo e ao desenvolvimento de projetos e pesquisas tecnol\u00f3gicas, ou aos trabalhos de vistoria, per\u00edcia, arbitramento e consultoria.<\/li><li>Elaborar or\u00e7amentos, laudos, pareceres, relat\u00f3rios e projetos, inclusive de incorpora\u00e7\u00e3o de novas tecnologias.<\/li><li>Realizar levantamento topogr\u00e1fico, sensoriamento remoto e geoprocessamento, conforme sua forma\u00e7\u00e3o profissional.<\/li><li>Auxiliar na caracteriza\u00e7\u00e3o de min\u00e9rios sob os aspectos f\u00edsico-qu\u00edmico, mineral\u00f3gico e granulom\u00e9trico.<\/li><li>Executar projetos de desmonte, transporte e carregamento de min\u00e9rios.<\/li><li>Monitorar a estabilidade de rochas em minas subterr\u00e2neas e a c\u00e9u aberto.<\/li><li>Auxiliar no mapeamento geol\u00f3gico e amostragem em superf\u00edcie e subsolo.<\/li><li>Supervisionar, coordenar e operar equipamentos de fragmenta\u00e7\u00e3o, de separa\u00e7\u00e3o mineral, separa\u00e7\u00e3o s\u00f3lido\/l\u00edquido, hidrometal\u00fargicos e de secagem.<\/li><li>Supervisionar, coordenar e operar equipamentos de extra\u00e7\u00e3o mineral, sondagem, perfura\u00e7\u00e3o, amostragem e transporte.<\/li><li>Orientar e coordenar a execu\u00e7\u00e3o de servi\u00e7os de manuten\u00e7\u00e3o de equipamentos.<\/li><li>Prestar assist\u00eancia t\u00e9cnica na compra, venda e utiliza\u00e7\u00e3o de equipamentos especializados.<\/li><\/ul>\t\t\t\t\t\t\t\t<\/div>\n\t\t\t\t<\/div>\n\t\t\t\t\t<\/div>\n\t\t<\/div>\n\t\t\t\t\t<\/div>\n\t\t<\/section>\n\t\t\t\t<section class=\"elementor-section elementor-top-section elementor-element elementor-element-d6511c5 elementor-section-boxed elementor-section-height-default elementor-section-height-default wpr-particle-no wpr-jarallax-no wpr-parallax-no wpr-sticky-section-no\" data-id=\"d6511c5\" data-element_type=\"section\">\n\t\t\t\t\t\t<div class=\"elementor-container elementor-column-gap-default\">\n\t\t\t\t\t<div class=\"elementor-column elementor-col-100 elementor-top-column elementor-element elementor-element-e849a75\" data-id=\"e849a75\" data-element_type=\"column\">\n\t\t\t<div class=\"elementor-widget-wrap elementor-element-populated\">\n\t\t\t\t\t\t<div class=\"elementor-element elementor-element-f952caa elementor-widget elementor-widget-spacer\" data-id=\"f952caa\" data-element_type=\"widget\" data-widget_type=\"spacer.default\">\n\t\t\t\t<div class=\"elementor-widget-container\">\n\t\t\t\t\t\t\t<div class=\"elementor-spacer\">\n\t\t\t<div class=\"elementor-spacer-inner\"><\/div>\n\t\t<\/div>\n\t\t\t\t\t\t<\/div>\n\t\t\t\t<\/div>\n\t\t\t\t\t<\/div>\n\t\t<\/div>\n\t\t\t\t\t<\/div>\n\t\t<\/section>\n\t\t\t\t<section class=\"elementor-section elementor-top-section elementor-element elementor-element-6e0215d elementor-section-boxed elementor-section-height-default elementor-section-height-default wpr-particle-no wpr-jarallax-no wpr-parallax-no wpr-sticky-section-no\" data-id=\"6e0215d\" data-element_type=\"section\">\n\t\t\t\t\t\t<div class=\"elementor-container elementor-column-gap-default\">\n\t\t\t\t\t<div class=\"elementor-column elementor-col-33 elementor-top-column elementor-element elementor-element-a7e7244\" data-id=\"a7e7244\" data-element_type=\"column\">\n\t\t\t<div class=\"elementor-widget-wrap elementor-element-populated\">\n\t\t\t\t\t\t<div class=\"elementor-element elementor-element-5ca94fd elementor-widget elementor-widget-text-editor\" data-id=\"5ca94fd\" data-element_type=\"widget\" data-widget_type=\"text-editor.default\">\n\t\t\t\t<div class=\"elementor-widget-container\">\n\t\t\t\t\t\t\t\t\t<p><strong>Para a atua\u00e7\u00e3o como T\u00e9cnico em Minera\u00e7\u00e3o, s\u00e3o fundamentais:<\/strong><\/p><ul><li>Conhecimentos e saberes relacionados aos recursos minerais e \u00e0 prote\u00e7\u00e3o ambiental.<\/li><li>Atualiza\u00e7\u00e3o em rela\u00e7\u00e3o \u00e0s inova\u00e7\u00f5es tecnol\u00f3gicas.<\/li><li>Coopera\u00e7\u00e3o de forma construtiva e colaborativa nos trabalhos em equipe e tomada de decis\u00f5es.<\/li><li>Ado\u00e7\u00e3o de senso investigativo, vis\u00e3o sist\u00eamica das atividades e processos, capacidade de comunica\u00e7\u00e3o e argumenta\u00e7\u00e3o, autonomia, proatividade, lideran\u00e7a, respeito \u00e0s diversidades nos grupos de trabalho, resili\u00eancia frente aos problemas, organiza\u00e7\u00e3o, responsabilidade, vis\u00e3o cr\u00edtica, human\u00edstica, \u00e9tica e consci\u00eancia em rela\u00e7\u00e3o ao impacto de sua atua\u00e7\u00e3o profissional na sociedade e no ambiente.<\/li><\/ul>\t\t\t\t\t\t\t\t<\/div>\n\t\t\t\t<\/div>\n\t\t\t\t\t<\/div>\n\t\t<\/div>\n\t\t\t\t<div class=\"elementor-column elementor-col-33 elementor-top-column elementor-element elementor-element-625df52\" data-id=\"625df52\" data-element_type=\"column\" data-settings=\"{&quot;background_background&quot;:&quot;classic&quot;}\">\n\t\t\t<div class=\"elementor-widget-wrap elementor-element-populated\">\n\t\t\t\t\t\t<div class=\"elementor-element elementor-element-5edcaa3 elementor-widget elementor-widget-text-editor\" data-id=\"5edcaa3\" data-element_type=\"widget\" data-widget_type=\"text-editor.default\">\n\t\t\t\t<div class=\"elementor-widget-container\">\n\t\t\t\t\t\t\t\t\t<p><strong>Legisla\u00e7\u00e3o profissinal <\/strong><\/p><p><u>Decreto 4.560, de 30 de dezembro de 2002<\/u><\/p><p><u>Lei n\u00ba 13.639, de 26 de mar\u00e7o de 2018<\/u><\/p><p><u>Lei n\u00ba 5.524, de 5 de novembro de 1968<\/u><\/p><p><u>Decreto n\u00ba 90.922, de 6 de fevereiro de 1985<\/u><\/p><p><u>Resolu\u00e7\u00e3o N\u00ba 42 de 26 de outubro de 2018<\/u><\/p>\t\t\t\t\t\t\t\t<\/div>\n\t\t\t\t<\/div>\n\t\t\t\t\t<\/div>\n\t\t<\/div>\n\t\t\t\t<div class=\"elementor-column elementor-col-33 elementor-top-column elementor-element elementor-element-9bbce13\" data-id=\"9bbce13\" data-element_type=\"column\">\n\t\t\t<div class=\"elementor-widget-wrap elementor-element-populated\">\n\t\t\t\t\t\t<div class=\"elementor-element elementor-element-b83c323 elementor-widget elementor-widget-text-editor\" data-id=\"b83c323\" data-element_type=\"widget\" data-widget_type=\"text-editor.default\">\n\t\t\t\t<div class=\"elementor-widget-container\">\n\t\t\t\t\t\t\t\t\t<p><strong>Campo de atua\u00e7\u00e3o<\/strong><\/p><ul><li>Empresas p\u00fablicas e privadas que atuam no desenvolvimento de solu\u00e7\u00f5es tecnol\u00f3gicas para explora\u00e7\u00e3o de recursos minerais<\/li><li>Institui\u00e7\u00f5es de assist\u00eancia t\u00e9cnica, pesquisa, an\u00e1lise e experimenta\u00e7\u00e3o<\/li><li>Empresas de consultoria<\/li><li>Empresas de minera\u00e7\u00e3o e de petr\u00f3leo<\/li><li>Empresas de equipamentos de minera\u00e7\u00e3o<\/li><li>Centros de pesquisa em minera\u00e7\u00e3o<\/li><\/ul>\t\t\t\t\t\t\t\t<\/div>\n\t\t\t\t<\/div>\n\t\t\t\t\t<\/div>\n\t\t<\/div>\n\t\t\t\t\t<\/div>\n\t\t<\/section>\n\t\t\t\t<section class=\"elementor-section elementor-top-section elementor-element elementor-element-ea28850 elementor-section-boxed elementor-section-height-default elementor-section-height-default wpr-particle-no wpr-jarallax-no wpr-parallax-no wpr-sticky-section-no\" data-id=\"ea28850\" data-element_type=\"section\">\n\t\t\t\t\t\t<div class=\"elementor-container elementor-column-gap-default\">\n\t\t\t\t\t<div class=\"elementor-column elementor-col-100 elementor-top-column elementor-element elementor-element-85e0adc\" data-id=\"85e0adc\" data-element_type=\"column\">\n\t\t\t<div class=\"elementor-widget-wrap elementor-element-populated\">\n\t\t\t\t\t\t<div class=\"elementor-element elementor-element-ce28bdf elementor-widget elementor-widget-spacer\" data-id=\"ce28bdf\" data-element_type=\"widget\" data-widget_type=\"spacer.default\">\n\t\t\t\t<div class=\"elementor-widget-container\">\n\t\t\t\t\t\t\t<div class=\"elementor-spacer\">\n\t\t\t<div class=\"elementor-spacer-inner\"><\/div>\n\t\t<\/div>\n\t\t\t\t\t\t<\/div>\n\t\t\t\t<\/div>\n\t\t\t\t\t<\/div>\n\t\t<\/div>\n\t\t\t\t\t<\/div>\n\t\t<\/section>\n\t\t\t\t<section class=\"elementor-section elementor-top-section elementor-element elementor-element-4cf8c86e elementor-section-boxed elementor-section-height-default elementor-section-height-default wpr-particle-no wpr-jarallax-no wpr-parallax-no wpr-sticky-section-no\" data-id=\"4cf8c86e\" data-element_type=\"section\">\n\t\t\t\t\t\t<div class=\"elementor-container elementor-column-gap-default\">\n\t\t\t\t\t<div class=\"elementor-column elementor-col-100 elementor-top-column elementor-element elementor-element-2fa866cd\" data-id=\"2fa866cd\" data-element_type=\"column\">\n\t\t\t<div class=\"elementor-widget-wrap elementor-element-populated\">\n\t\t\t\t\t\t<div class=\"elementor-element elementor-element-3211e44e elementor-widget elementor-widget-heading\" data-id=\"3211e44e\" data-element_type=\"widget\" data-widget_type=\"heading.default\">\n\t\t\t\t<div class=\"elementor-widget-container\">\n\t\t\t\t\t<h2 class=\"elementor-heading-title elementor-size-default\">Aten\u00e7\u00e3o!<br> Para garantir que voc\u00ea vai estudar em uma institui\u00e7\u00e3o com mais de 60 anos de tradi\u00e7\u00e3o e inova\u00e7\u00e3o, n\u00e3o se esque\u00e7a de escolher a unidade do Grupo Educacional Fupac\/Unipac mais perto de voc\u00ea!<\/h2>\t\t\t\t<\/div>\n\t\t\t\t<\/div>\n\t\t\t\t<div class=\"elementor-element elementor-element-472410b elementor-align-center elementor-widget elementor-widget-button\" data-id=\"472410b\" data-element_type=\"widget\" data-widget_type=\"button.default\">\n\t\t\t\t<div class=\"elementor-widget-container\">\n\t\t\t\t\t\t\t\t\t<div class=\"elementor-button-wrapper\">\n\t\t\t\t\t<a class=\"elementor-button elementor-button-link elementor-size-sm\" href=\"https:\/\/www.trilhasdefuturo.mg.gov.br\/app\/verificacao\">\n\t\t\t\t\t\t<span class=\"elementor-button-content-wrapper\">\n\t\t\t\t\t\t\t\t\t<span class=\"elementor-button-text\">INSCREVA-SE AGORA!<\/span>\n\t\t\t\t\t<\/span>\n\t\t\t\t\t<\/a>\n\t\t\t\t<\/div>\n\t\t\t\t\t\t\t\t<\/div>\n\t\t\t\t<\/div>\n\t\t\t\t\t<\/div>\n\t\t<\/div>\n\t\t\t\t\t<\/div>\n\t\t<\/section>\n\t\t\t\t<\/div>\n\t\t","protected":false},"excerpt":{"rendered":"<p>INSCREVA-SE AGORA! T\u00e9cnico em Minera\u00e7\u00e3o O T\u00e9cnico em Minera\u00e7\u00e3o ser\u00e1 habilitado para: Realizar atividades de prospec\u00e7\u00e3o, avalia\u00e7\u00e3o t\u00e9cnica e econ\u00f4mica, planejamento, extra\u00e7\u00e3o e produ\u00e7\u00e3o referentes aos recursos naturais. Prestar assist\u00eancia t\u00e9cnica e assessoria ao estudo e ao desenvolvimento de projetos e pesquisas tecnol\u00f3gicas, ou aos trabalhos de vistoria, per\u00edcia, arbitramento e consultoria. Elaborar or\u00e7amentos, laudos, pareceres, relat\u00f3rios e projetos, inclusive de incorpora\u00e7\u00e3o de novas tecnologias. Realizar levantamento topogr\u00e1fico, sensoriamento remoto e geoprocessamento, conforme sua forma\u00e7\u00e3o profissional. Auxiliar na caracteriza\u00e7\u00e3o de min\u00e9rios sob os aspectos f\u00edsico-qu\u00edmico, mineral\u00f3gico e granulom\u00e9trico. Executar projetos de desmonte, transporte e carregamento de min\u00e9rios. Monitorar a estabilidade de rochas em minas subterr\u00e2neas e a c\u00e9u aberto. Auxiliar no mapeamento geol\u00f3gico e amostragem em superf\u00edcie e subsolo. Supervisionar, coordenar e operar equipamentos de fragmenta\u00e7\u00e3o, de separa\u00e7\u00e3o mineral, separa\u00e7\u00e3o s\u00f3lido\/l\u00edquido, hidrometal\u00fargicos e de secagem. Supervisionar, coordenar e operar equipamentos de extra\u00e7\u00e3o mineral, sondagem, perfura\u00e7\u00e3o, amostragem e transporte. Orientar e coordenar a execu\u00e7\u00e3o de servi\u00e7os de manuten\u00e7\u00e3o de equipamentos. Prestar assist\u00eancia t\u00e9cnica na compra, venda e utiliza\u00e7\u00e3o de equipamentos especializados. Para a atua\u00e7\u00e3o como T\u00e9cnico em Minera\u00e7\u00e3o, s\u00e3o fundamentais: Conhecimentos e saberes relacionados aos recursos minerais e \u00e0 prote\u00e7\u00e3o ambiental. Atualiza\u00e7\u00e3o em rela\u00e7\u00e3o \u00e0s inova\u00e7\u00f5es tecnol\u00f3gicas. Coopera\u00e7\u00e3o de forma construtiva e colaborativa nos trabalhos em equipe e tomada de decis\u00f5es. Ado\u00e7\u00e3o de senso investigativo, vis\u00e3o sist\u00eamica das atividades e processos, capacidade de comunica\u00e7\u00e3o e argumenta\u00e7\u00e3o, autonomia, proatividade, lideran\u00e7a, respeito \u00e0s diversidades nos grupos de trabalho, resili\u00eancia frente aos problemas, organiza\u00e7\u00e3o, responsabilidade, vis\u00e3o cr\u00edtica, human\u00edstica, \u00e9tica e consci\u00eancia em rela\u00e7\u00e3o ao impacto de sua atua\u00e7\u00e3o profissional na sociedade e no ambiente. Legisla\u00e7\u00e3o profissinal Decreto 4.560, de 30 de dezembro de 2002 Lei n\u00ba 13.639, de 26 de mar\u00e7o de 2018 Lei n\u00ba 5.524, de 5 de novembro de 1968 Decreto n\u00ba 90.922, de 6 de fevereiro de 1985 Resolu\u00e7\u00e3o N\u00ba 42 de 26 de outubro de 2018 Campo de atua\u00e7\u00e3o Empresas p\u00fablicas e privadas que atuam no desenvolvimento de solu\u00e7\u00f5es tecnol\u00f3gicas para explora\u00e7\u00e3o de recursos minerais Institui\u00e7\u00f5es de assist\u00eancia t\u00e9cnica, pesquisa, an\u00e1lise e experimenta\u00e7\u00e3o Empresas de consultoria Empresas de minera\u00e7\u00e3o e de petr\u00f3leo Empresas de equipamentos de minera\u00e7\u00e3o Centros de pesquisa em minera\u00e7\u00e3o Aten\u00e7\u00e3o! Para garantir que voc\u00ea vai estudar em uma institui\u00e7\u00e3o com mais de 60 anos de tradi\u00e7\u00e3o e inova\u00e7\u00e3o, n\u00e3o se esque\u00e7a de escolher a unidade do Grupo Educacional Fupac\/Unipac mais perto de voc\u00ea! INSCREVA-SE AGORA!<\/p>\n","protected":false},"author":1,"featured_media":0,"parent":0,"menu_order":0,"comment_status":"closed","ping_status":"closed","template":"","meta":{"footnotes":""},"class_list":["post-563","page","type-page","status-publish","hentry"],"_links":{"self":[{"href":"https:\/\/trilhasdefuturo.unipac.br\/index.php?rest_route=\/wp\/v2\/pages\/563","targetHints":{"allow":["GET"]}}],"collection":[{"href":"https:\/\/trilhasdefuturo.unipac.br\/index.php?rest_route=\/wp\/v2\/pages"}],"about":[{"href":"https:\/\/trilhasdefuturo.unipac.br\/index.php?rest_route=\/wp\/v2\/types\/page"}],"author":[{"embeddable":true,"href":"https:\/\/trilhasdefuturo.unipac.br\/index.php?rest_route=\/wp\/v2\/users\/1"}],"replies":[{"embeddable":true,"href":"https:\/\/trilhasdefuturo.unipac.br\/index.php?rest_route=%2Fwp%2Fv2%2Fcomments&post=563"}],"version-history":[{"count":13,"href":"https:\/\/trilhasdefuturo.unipac.br\/index.php?rest_route=\/wp\/v2\/pages\/563\/revisions"}],"predecessor-version":[{"id":1341,"href":"https:\/\/trilhasdefuturo.unipac.br\/index.php?rest_route=\/wp\/v2\/pages\/563\/revisions\/1341"}],"wp:attachment":[{"href":"https:\/\/trilhasdefuturo.unipac.br\/index.php?rest_route=%2Fwp%2Fv2%2Fmedia&parent=563"}],"curies":[{"name":"wp","href":"https:\/\/api.w.org\/{rel}","templated":true}]}}