{"id":555,"date":"2023-04-19T19:02:56","date_gmt":"2023-04-19T19:02:56","guid":{"rendered":"https:\/\/trilhasdefuturo.unipac.br\/?page_id=555"},"modified":"2025-09-11T14:55:40","modified_gmt":"2025-09-11T14:55:40","slug":"tecnico-em-massoterapia","status":"publish","type":"page","link":"https:\/\/trilhasdefuturo.unipac.br\/?page_id=555","title":{"rendered":"T\u00e9cnico em Massoterapia"},"content":{"rendered":"\t\t<div data-elementor-type=\"wp-page\" data-elementor-id=\"555\" class=\"elementor elementor-555\" data-elementor-post-type=\"page\">\n\t\t\t\t\t\t<section class=\"elementor-section elementor-top-section elementor-element elementor-element-8ce375b elementor-section-boxed elementor-section-height-default elementor-section-height-default wpr-particle-no wpr-jarallax-no wpr-parallax-no wpr-sticky-section-no\" data-id=\"8ce375b\" data-element_type=\"section\">\n\t\t\t\t\t\t<div class=\"elementor-container elementor-column-gap-default\">\n\t\t\t\t\t<div class=\"elementor-column elementor-col-50 elementor-top-column elementor-element elementor-element-1fd95a2\" data-id=\"1fd95a2\" data-element_type=\"column\">\n\t\t\t<div class=\"elementor-widget-wrap elementor-element-populated\">\n\t\t\t\t\t\t<div class=\"elementor-element elementor-element-bda1ba6 elementor-widget elementor-widget-image\" data-id=\"bda1ba6\" data-element_type=\"widget\" data-widget_type=\"image.default\">\n\t\t\t\t<div class=\"elementor-widget-container\">\n\t\t\t\t\t\t\t\t\t\t\t\t\t\t\t<img fetchpriority=\"high\" decoding=\"async\" width=\"800\" height=\"1000\" src=\"https:\/\/trilhasdefuturo.unipac.br\/wp-content\/uploads\/2025\/09\/Massoterapia-819x1024.jpg\" class=\"attachment-large size-large wp-image-1223\" alt=\"\" srcset=\"https:\/\/trilhasdefuturo.unipac.br\/wp-content\/uploads\/2025\/09\/Massoterapia-819x1024.jpg 819w, https:\/\/trilhasdefuturo.unipac.br\/wp-content\/uploads\/2025\/09\/Massoterapia-240x300.jpg 240w, https:\/\/trilhasdefuturo.unipac.br\/wp-content\/uploads\/2025\/09\/Massoterapia-768x960.jpg 768w, https:\/\/trilhasdefuturo.unipac.br\/wp-content\/uploads\/2025\/09\/Massoterapia.jpg 1080w\" sizes=\"(max-width: 800px) 100vw, 800px\" \/>\t\t\t\t\t\t\t\t\t\t\t\t\t\t\t<\/div>\n\t\t\t\t<\/div>\n\t\t\t\t\t<\/div>\n\t\t<\/div>\n\t\t\t\t<div class=\"elementor-column elementor-col-50 elementor-top-column elementor-element elementor-element-b831b5e\" data-id=\"b831b5e\" data-element_type=\"column\">\n\t\t\t<div class=\"elementor-widget-wrap elementor-element-populated\">\n\t\t\t\t\t\t<div class=\"elementor-element elementor-element-f15dbec elementor-widget elementor-widget-heading\" data-id=\"f15dbec\" data-element_type=\"widget\" data-widget_type=\"heading.default\">\n\t\t\t\t<div class=\"elementor-widget-container\">\n\t\t\t\t\t<h2 class=\"elementor-heading-title elementor-size-default\">T\u00e9cnico em Massoterapia<\/h2>\t\t\t\t<\/div>\n\t\t\t\t<\/div>\n\t\t\t\t<div class=\"elementor-element elementor-element-d08a693 elementor-widget elementor-widget-text-editor\" data-id=\"d08a693\" data-element_type=\"widget\" data-widget_type=\"text-editor.default\">\n\t\t\t\t<div class=\"elementor-widget-container\">\n\t\t\t\t\t\t\t\t\t<p><strong>O T\u00e9cnico em Massoterapia ser\u00e1 habilitado para:<\/strong><\/p><p>Realizar pr\u00e1ticas massoterap\u00eauticas visando \u00e0 promo\u00e7\u00e3o e manuten\u00e7\u00e3o da sa\u00fade, com foco no equil\u00edbrio f\u00edsico e emocional do ser humano.<\/p><ul><li>Avaliar, selecionar e aplicar a t\u00e9cnica adequada \u00e0s necessidades do cliente baseando-se nos conceitos anat\u00f4micos, fisiol\u00f3gicos, biomec\u00e2nicos e fisiopatol\u00f3gicos.<\/li><li>Elaborar e executar planos de trabalho sob uma perspectiva integral e com base na utiliza\u00e7\u00e3o de t\u00e9cnicas manuais, observando as indica\u00e7\u00f5es e contraindica\u00e7\u00f5es espec\u00edficas para o atendimento, bem como as normas de biosseguran\u00e7a e ergonomia.<\/li><li>Associar sua pr\u00e1tica profissional a determinadas terapias complementares e integrativas n\u00e3o invasivas.<\/li><\/ul>\t\t\t\t\t\t\t\t<\/div>\n\t\t\t\t<\/div>\n\t\t\t\t<div class=\"elementor-element elementor-element-c8b43e2 elementor-align-left elementor-widget elementor-widget-button\" data-id=\"c8b43e2\" data-element_type=\"widget\" data-widget_type=\"button.default\">\n\t\t\t\t<div class=\"elementor-widget-container\">\n\t\t\t\t\t\t\t\t\t<div class=\"elementor-button-wrapper\">\n\t\t\t\t\t<a class=\"elementor-button elementor-button-link elementor-size-sm\" href=\"https:\/\/www.trilhasdefuturo.mg.gov.br\/app\/verificacao\">\n\t\t\t\t\t\t<span class=\"elementor-button-content-wrapper\">\n\t\t\t\t\t\t\t\t\t<span class=\"elementor-button-text\">INSCREVA-SE AGORA!<\/span>\n\t\t\t\t\t<\/span>\n\t\t\t\t\t<\/a>\n\t\t\t\t<\/div>\n\t\t\t\t\t\t\t\t<\/div>\n\t\t\t\t<\/div>\n\t\t\t\t\t<\/div>\n\t\t<\/div>\n\t\t\t\t\t<\/div>\n\t\t<\/section>\n\t\t\t\t<section class=\"elementor-section elementor-top-section elementor-element elementor-element-d6511c5 elementor-section-boxed elementor-section-height-default elementor-section-height-default wpr-particle-no wpr-jarallax-no wpr-parallax-no wpr-sticky-section-no\" data-id=\"d6511c5\" data-element_type=\"section\">\n\t\t\t\t\t\t<div class=\"elementor-container elementor-column-gap-default\">\n\t\t\t\t\t<div class=\"elementor-column elementor-col-100 elementor-top-column elementor-element elementor-element-e849a75\" data-id=\"e849a75\" data-element_type=\"column\">\n\t\t\t<div class=\"elementor-widget-wrap elementor-element-populated\">\n\t\t\t\t\t\t<div class=\"elementor-element elementor-element-f952caa elementor-widget elementor-widget-spacer\" data-id=\"f952caa\" data-element_type=\"widget\" data-widget_type=\"spacer.default\">\n\t\t\t\t<div class=\"elementor-widget-container\">\n\t\t\t\t\t\t\t<div class=\"elementor-spacer\">\n\t\t\t<div class=\"elementor-spacer-inner\"><\/div>\n\t\t<\/div>\n\t\t\t\t\t\t<\/div>\n\t\t\t\t<\/div>\n\t\t\t\t\t<\/div>\n\t\t<\/div>\n\t\t\t\t\t<\/div>\n\t\t<\/section>\n\t\t\t\t<section class=\"elementor-section elementor-top-section elementor-element elementor-element-6e0215d elementor-section-boxed elementor-section-height-default elementor-section-height-default wpr-particle-no wpr-jarallax-no wpr-parallax-no wpr-sticky-section-no\" data-id=\"6e0215d\" data-element_type=\"section\">\n\t\t\t\t\t\t<div class=\"elementor-container elementor-column-gap-default\">\n\t\t\t\t\t<div class=\"elementor-column elementor-col-33 elementor-top-column elementor-element elementor-element-a7e7244\" data-id=\"a7e7244\" data-element_type=\"column\">\n\t\t\t<div class=\"elementor-widget-wrap elementor-element-populated\">\n\t\t\t\t\t\t<div class=\"elementor-element elementor-element-5ca94fd elementor-widget elementor-widget-text-editor\" data-id=\"5ca94fd\" data-element_type=\"widget\" data-widget_type=\"text-editor.default\">\n\t\t\t\t<div class=\"elementor-widget-container\">\n\t\t\t\t\t\t\t\t\t<p><strong>Para a atua\u00e7\u00e3o como T\u00e9cnico em Massoterapia, s\u00e3o fundamentais: <\/strong><\/p><p>Conhecimentos das pol\u00edticas p\u00fablicas de sa\u00fade e compreens\u00e3o de sua atua\u00e7\u00e3o profissional frente \u00e0s diretrizes, princ\u00edpios e estrutura organizacional do Sistema \u00danico de Sa\u00fade (SUS).<\/p><ul><li>Conhecimentos e saberes relacionados aos princ\u00edpios das t\u00e9cnicas aplicadas na \u00e1rea, sempre pautados numa postura humana e \u00e9tica.<\/li><li>Respeitar as contraindica\u00e7\u00f5es das t\u00e9cnicas em face das condi\u00e7\u00f5es do cliente.<\/li><li>Resolu\u00e7\u00e3o de situa\u00e7\u00f5es-problema, comunica\u00e7\u00e3o, trabalho em equipe e interdisciplinar, gest\u00e3o de conflitos e \u00e9tica profissional.<\/li><li>Organiza\u00e7\u00e3o, responsabilidade, iniciativa social, determina\u00e7\u00e3o e criatividade, buscando promover a humaniza\u00e7\u00e3o da assist\u00eancia.<\/li><li>Atualiza\u00e7\u00e3o e aperfei\u00e7oamento profissional por meio da educa\u00e7\u00e3o continuada.<\/li><\/ul>\t\t\t\t\t\t\t\t<\/div>\n\t\t\t\t<\/div>\n\t\t\t\t\t<\/div>\n\t\t<\/div>\n\t\t\t\t<div class=\"elementor-column elementor-col-33 elementor-top-column elementor-element elementor-element-625df52\" data-id=\"625df52\" data-element_type=\"column\" data-settings=\"{&quot;background_background&quot;:&quot;classic&quot;}\">\n\t\t\t<div class=\"elementor-widget-wrap elementor-element-populated\">\n\t\t\t\t\t\t<div class=\"elementor-element elementor-element-5edcaa3 elementor-widget elementor-widget-text-editor\" data-id=\"5edcaa3\" data-element_type=\"widget\" data-widget_type=\"text-editor.default\">\n\t\t\t\t<div class=\"elementor-widget-container\">\n\t\t\t\t\t\t\t\t\t<p><strong>Legisla\u00e7\u00e3o profissional<\/strong><\/p><p>Lei n\u00ba 3.968, de 5 de outubro de 1961<\/p><p>BRASIL. Lei n\u00ba 3.968, de 5 de outubro de 1961. Disp\u00f5e sobre o exerc\u00edcio da profiss\u00e3o de Massagista, e d\u00e1 outras provid\u00eancias. Di\u00e1rio Oficial da Uni\u00e3o, 06\/10\/1961, p. 8905.<\/p>\t\t\t\t\t\t\t\t<\/div>\n\t\t\t\t<\/div>\n\t\t\t\t\t<\/div>\n\t\t<\/div>\n\t\t\t\t<div class=\"elementor-column elementor-col-33 elementor-top-column elementor-element elementor-element-9bbce13\" data-id=\"9bbce13\" data-element_type=\"column\">\n\t\t\t<div class=\"elementor-widget-wrap elementor-element-populated\">\n\t\t\t\t\t\t<div class=\"elementor-element elementor-element-b83c323 elementor-widget elementor-widget-text-editor\" data-id=\"b83c323\" data-element_type=\"widget\" data-widget_type=\"text-editor.default\">\n\t\t\t\t<div class=\"elementor-widget-container\">\n\t\t\t\t\t\t\t\t\t<p><strong>Campo de atua\u00e7\u00e3o<\/strong><\/p><ul><li>Academias Esportivas e de Gin\u00e1stica<\/li><li>Atendimentos em Domic\u00edlio<\/li><li>Casas de Repouso e Centros de Conviv\u00eancia para Idosos<\/li><li>Centros Est\u00e9ticos e Institutos de Beleza<\/li><li>Clubes Desportivos, Condom\u00ednios, Saunas, SPAs<\/li><li>Espa\u00e7os de Massoterapia<\/li><li>Hospitais, Cl\u00ednicas e Unidades B\u00e1sicas de Sa\u00fade<\/li><li>Institui\u00e7\u00f5es de Longa Perman\u00eancia (IPL)<\/li><\/ul><p>\u00a0<\/p><ul><li>Meios de Hospedagem, Cruzeiros Mar\u00edtimos e Eventos<\/li><li>Programas Sociais e de Qualidade de Vida voltados \u00e0 promo\u00e7\u00e3o da sa\u00fade coletiva, de forma aut\u00f4noma ou em equipes multidisciplinares<\/li><\/ul>\t\t\t\t\t\t\t\t<\/div>\n\t\t\t\t<\/div>\n\t\t\t\t\t<\/div>\n\t\t<\/div>\n\t\t\t\t\t<\/div>\n\t\t<\/section>\n\t\t\t\t<section class=\"elementor-section elementor-top-section elementor-element elementor-element-ea28850 elementor-section-boxed elementor-section-height-default elementor-section-height-default wpr-particle-no wpr-jarallax-no wpr-parallax-no wpr-sticky-section-no\" data-id=\"ea28850\" data-element_type=\"section\">\n\t\t\t\t\t\t<div class=\"elementor-container elementor-column-gap-default\">\n\t\t\t\t\t<div class=\"elementor-column elementor-col-100 elementor-top-column elementor-element elementor-element-85e0adc\" data-id=\"85e0adc\" data-element_type=\"column\">\n\t\t\t<div class=\"elementor-widget-wrap elementor-element-populated\">\n\t\t\t\t\t\t<div class=\"elementor-element elementor-element-ce28bdf elementor-widget elementor-widget-spacer\" data-id=\"ce28bdf\" data-element_type=\"widget\" data-widget_type=\"spacer.default\">\n\t\t\t\t<div class=\"elementor-widget-container\">\n\t\t\t\t\t\t\t<div class=\"elementor-spacer\">\n\t\t\t<div class=\"elementor-spacer-inner\"><\/div>\n\t\t<\/div>\n\t\t\t\t\t\t<\/div>\n\t\t\t\t<\/div>\n\t\t\t\t\t<\/div>\n\t\t<\/div>\n\t\t\t\t\t<\/div>\n\t\t<\/section>\n\t\t\t\t<section class=\"elementor-section elementor-top-section elementor-element elementor-element-454650d3 elementor-section-boxed elementor-section-height-default elementor-section-height-default wpr-particle-no wpr-jarallax-no wpr-parallax-no wpr-sticky-section-no\" data-id=\"454650d3\" data-element_type=\"section\">\n\t\t\t\t\t\t<div class=\"elementor-container elementor-column-gap-default\">\n\t\t\t\t\t<div class=\"elementor-column elementor-col-100 elementor-top-column elementor-element elementor-element-35fd029f\" data-id=\"35fd029f\" data-element_type=\"column\">\n\t\t\t<div class=\"elementor-widget-wrap elementor-element-populated\">\n\t\t\t\t\t\t<div class=\"elementor-element elementor-element-46c8cf72 elementor-widget elementor-widget-heading\" data-id=\"46c8cf72\" data-element_type=\"widget\" data-widget_type=\"heading.default\">\n\t\t\t\t<div class=\"elementor-widget-container\">\n\t\t\t\t\t<h2 class=\"elementor-heading-title elementor-size-default\">Aten\u00e7\u00e3o!<br> Para garantir que voc\u00ea vai estudar em uma institui\u00e7\u00e3o com mais de 60 anos de tradi\u00e7\u00e3o e inova\u00e7\u00e3o, n\u00e3o se esque\u00e7a de escolher a unidade do Grupo Educacional Fupac\/Unipac mais perto de voc\u00ea!<\/h2>\t\t\t\t<\/div>\n\t\t\t\t<\/div>\n\t\t\t\t<div class=\"elementor-element elementor-element-1472fac8 elementor-align-center elementor-widget elementor-widget-button\" data-id=\"1472fac8\" data-element_type=\"widget\" data-widget_type=\"button.default\">\n\t\t\t\t<div class=\"elementor-widget-container\">\n\t\t\t\t\t\t\t\t\t<div class=\"elementor-button-wrapper\">\n\t\t\t\t\t<a class=\"elementor-button elementor-button-link elementor-size-sm\" href=\"https:\/\/www.trilhasdefuturo.mg.gov.br\/app\/verificacao\">\n\t\t\t\t\t\t<span class=\"elementor-button-content-wrapper\">\n\t\t\t\t\t\t\t\t\t<span class=\"elementor-button-text\">INSCREVA-SE AGORA!<\/span>\n\t\t\t\t\t<\/span>\n\t\t\t\t\t<\/a>\n\t\t\t\t<\/div>\n\t\t\t\t\t\t\t\t<\/div>\n\t\t\t\t<\/div>\n\t\t\t\t\t<\/div>\n\t\t<\/div>\n\t\t\t\t\t<\/div>\n\t\t<\/section>\n\t\t\t\t<\/div>\n\t\t","protected":false},"excerpt":{"rendered":"<p>T\u00e9cnico em Massoterapia O T\u00e9cnico em Massoterapia ser\u00e1 habilitado para: Realizar pr\u00e1ticas massoterap\u00eauticas visando \u00e0 promo\u00e7\u00e3o e manuten\u00e7\u00e3o da sa\u00fade, com foco no equil\u00edbrio f\u00edsico e emocional do ser humano. Avaliar, selecionar e aplicar a t\u00e9cnica adequada \u00e0s necessidades do cliente baseando-se nos conceitos anat\u00f4micos, fisiol\u00f3gicos, biomec\u00e2nicos e fisiopatol\u00f3gicos. Elaborar e executar planos de trabalho sob uma perspectiva integral e com base na utiliza\u00e7\u00e3o de t\u00e9cnicas manuais, observando as indica\u00e7\u00f5es e contraindica\u00e7\u00f5es espec\u00edficas para o atendimento, bem como as normas de biosseguran\u00e7a e ergonomia. Associar sua pr\u00e1tica profissional a determinadas terapias complementares e integrativas n\u00e3o invasivas. INSCREVA-SE AGORA! Para a atua\u00e7\u00e3o como T\u00e9cnico em Massoterapia, s\u00e3o fundamentais: Conhecimentos das pol\u00edticas p\u00fablicas de sa\u00fade e compreens\u00e3o de sua atua\u00e7\u00e3o profissional frente \u00e0s diretrizes, princ\u00edpios e estrutura organizacional do Sistema \u00danico de Sa\u00fade (SUS). Conhecimentos e saberes relacionados aos princ\u00edpios das t\u00e9cnicas aplicadas na \u00e1rea, sempre pautados numa postura humana e \u00e9tica. Respeitar as contraindica\u00e7\u00f5es das t\u00e9cnicas em face das condi\u00e7\u00f5es do cliente. Resolu\u00e7\u00e3o de situa\u00e7\u00f5es-problema, comunica\u00e7\u00e3o, trabalho em equipe e interdisciplinar, gest\u00e3o de conflitos e \u00e9tica profissional. Organiza\u00e7\u00e3o, responsabilidade, iniciativa social, determina\u00e7\u00e3o e criatividade, buscando promover a humaniza\u00e7\u00e3o da assist\u00eancia. Atualiza\u00e7\u00e3o e aperfei\u00e7oamento profissional por meio da educa\u00e7\u00e3o continuada. Legisla\u00e7\u00e3o profissional Lei n\u00ba 3.968, de 5 de outubro de 1961 BRASIL. Lei n\u00ba 3.968, de 5 de outubro de 1961. Disp\u00f5e sobre o exerc\u00edcio da profiss\u00e3o de Massagista, e d\u00e1 outras provid\u00eancias. Di\u00e1rio Oficial da Uni\u00e3o, 06\/10\/1961, p. 8905. Campo de atua\u00e7\u00e3o Academias Esportivas e de Gin\u00e1stica Atendimentos em Domic\u00edlio Casas de Repouso e Centros de Conviv\u00eancia para Idosos Centros Est\u00e9ticos e Institutos de Beleza Clubes Desportivos, Condom\u00ednios, Saunas, SPAs Espa\u00e7os de Massoterapia Hospitais, Cl\u00ednicas e Unidades B\u00e1sicas de Sa\u00fade Institui\u00e7\u00f5es de Longa Perman\u00eancia (IPL) \u00a0 Meios de Hospedagem, Cruzeiros Mar\u00edtimos e Eventos Programas Sociais e de Qualidade de Vida voltados \u00e0 promo\u00e7\u00e3o da sa\u00fade coletiva, de forma aut\u00f4noma ou em equipes multidisciplinares Aten\u00e7\u00e3o! Para garantir que voc\u00ea vai estudar em uma institui\u00e7\u00e3o com mais de 60 anos de tradi\u00e7\u00e3o e inova\u00e7\u00e3o, n\u00e3o se esque\u00e7a de escolher a unidade do Grupo Educacional Fupac\/Unipac mais perto de voc\u00ea! INSCREVA-SE AGORA!<\/p>\n","protected":false},"author":1,"featured_media":0,"parent":0,"menu_order":0,"comment_status":"closed","ping_status":"closed","template":"","meta":{"footnotes":""},"class_list":["post-555","page","type-page","status-publish","hentry"],"_links":{"self":[{"href":"https:\/\/trilhasdefuturo.unipac.br\/index.php?rest_route=\/wp\/v2\/pages\/555","targetHints":{"allow":["GET"]}}],"collection":[{"href":"https:\/\/trilhasdefuturo.unipac.br\/index.php?rest_route=\/wp\/v2\/pages"}],"about":[{"href":"https:\/\/trilhasdefuturo.unipac.br\/index.php?rest_route=\/wp\/v2\/types\/page"}],"author":[{"embeddable":true,"href":"https:\/\/trilhasdefuturo.unipac.br\/index.php?rest_route=\/wp\/v2\/users\/1"}],"replies":[{"embeddable":true,"href":"https:\/\/trilhasdefuturo.unipac.br\/index.php?rest_route=%2Fwp%2Fv2%2Fcomments&post=555"}],"version-history":[{"count":13,"href":"https:\/\/trilhasdefuturo.unipac.br\/index.php?rest_route=\/wp\/v2\/pages\/555\/revisions"}],"predecessor-version":[{"id":1335,"href":"https:\/\/trilhasdefuturo.unipac.br\/index.php?rest_route=\/wp\/v2\/pages\/555\/revisions\/1335"}],"wp:attachment":[{"href":"https:\/\/trilhasdefuturo.unipac.br\/index.php?rest_route=%2Fwp%2Fv2%2Fmedia&parent=555"}],"curies":[{"name":"wp","href":"https:\/\/api.w.org\/{rel}","templated":true}]}}