{"id":538,"date":"2023-04-19T18:51:23","date_gmt":"2023-04-19T18:51:23","guid":{"rendered":"https:\/\/trilhasdefuturo.unipac.br\/?page_id=538"},"modified":"2025-09-11T14:53:07","modified_gmt":"2025-09-11T14:53:07","slug":"tecnico-em-estetica","status":"publish","type":"page","link":"https:\/\/trilhasdefuturo.unipac.br\/?page_id=538","title":{"rendered":"T\u00e9cnico em est\u00e9tica"},"content":{"rendered":"\t\t<div data-elementor-type=\"wp-page\" data-elementor-id=\"538\" class=\"elementor elementor-538\" data-elementor-post-type=\"page\">\n\t\t\t\t\t\t<section class=\"elementor-section elementor-top-section elementor-element elementor-element-8ce375b elementor-section-boxed elementor-section-height-default elementor-section-height-default wpr-particle-no wpr-jarallax-no wpr-parallax-no wpr-sticky-section-no\" data-id=\"8ce375b\" data-element_type=\"section\">\n\t\t\t\t\t\t<div class=\"elementor-container elementor-column-gap-default\">\n\t\t\t\t\t<div class=\"elementor-column elementor-col-50 elementor-top-column elementor-element elementor-element-1fd95a2\" data-id=\"1fd95a2\" data-element_type=\"column\">\n\t\t\t<div class=\"elementor-widget-wrap elementor-element-populated\">\n\t\t\t\t\t\t<div class=\"elementor-element elementor-element-bda1ba6 elementor-widget elementor-widget-image\" data-id=\"bda1ba6\" data-element_type=\"widget\" data-widget_type=\"image.default\">\n\t\t\t\t<div class=\"elementor-widget-container\">\n\t\t\t\t\t\t\t\t\t\t\t\t\t\t\t<img fetchpriority=\"high\" decoding=\"async\" width=\"800\" height=\"1000\" src=\"https:\/\/trilhasdefuturo.unipac.br\/wp-content\/uploads\/2025\/09\/Estetica-819x1024.jpg\" class=\"attachment-large size-large wp-image-1220\" alt=\"\" srcset=\"https:\/\/trilhasdefuturo.unipac.br\/wp-content\/uploads\/2025\/09\/Estetica-819x1024.jpg 819w, https:\/\/trilhasdefuturo.unipac.br\/wp-content\/uploads\/2025\/09\/Estetica-240x300.jpg 240w, https:\/\/trilhasdefuturo.unipac.br\/wp-content\/uploads\/2025\/09\/Estetica-768x960.jpg 768w, https:\/\/trilhasdefuturo.unipac.br\/wp-content\/uploads\/2025\/09\/Estetica.jpg 1080w\" sizes=\"(max-width: 800px) 100vw, 800px\" \/>\t\t\t\t\t\t\t\t\t\t\t\t\t\t\t<\/div>\n\t\t\t\t<\/div>\n\t\t\t\t<div class=\"elementor-element elementor-element-54cb09e elementor-align-center elementor-widget elementor-widget-button\" data-id=\"54cb09e\" data-element_type=\"widget\" data-widget_type=\"button.default\">\n\t\t\t\t<div class=\"elementor-widget-container\">\n\t\t\t\t\t\t\t\t\t<div class=\"elementor-button-wrapper\">\n\t\t\t\t\t<a class=\"elementor-button elementor-button-link elementor-size-sm\" href=\"https:\/\/www.trilhasdefuturo.mg.gov.br\/app\/verificacao\">\n\t\t\t\t\t\t<span class=\"elementor-button-content-wrapper\">\n\t\t\t\t\t\t\t\t\t<span class=\"elementor-button-text\">INSCREVA-SE AGORA!<\/span>\n\t\t\t\t\t<\/span>\n\t\t\t\t\t<\/a>\n\t\t\t\t<\/div>\n\t\t\t\t\t\t\t\t<\/div>\n\t\t\t\t<\/div>\n\t\t\t\t\t<\/div>\n\t\t<\/div>\n\t\t\t\t<div class=\"elementor-column elementor-col-50 elementor-top-column elementor-element elementor-element-b831b5e\" data-id=\"b831b5e\" data-element_type=\"column\">\n\t\t\t<div class=\"elementor-widget-wrap elementor-element-populated\">\n\t\t\t\t\t\t<div class=\"elementor-element elementor-element-f15dbec elementor-widget elementor-widget-heading\" data-id=\"f15dbec\" data-element_type=\"widget\" data-widget_type=\"heading.default\">\n\t\t\t\t<div class=\"elementor-widget-container\">\n\t\t\t\t\t<h2 class=\"elementor-heading-title elementor-size-default\">T\u00e9cnico em Est\u00e9tica<\/h2>\t\t\t\t<\/div>\n\t\t\t\t<\/div>\n\t\t\t\t<div class=\"elementor-element elementor-element-d08a693 elementor-widget elementor-widget-text-editor\" data-id=\"d08a693\" data-element_type=\"widget\" data-widget_type=\"text-editor.default\">\n\t\t\t\t<div class=\"elementor-widget-container\">\n\t\t\t\t\t\t\t\t\t<p><strong>O T\u00e9cnico em Est\u00e9tica ser\u00e1 habilitado para:<\/strong><\/p><p>Executar procedimentos est\u00e9ticos faciais, corporais e capilares, utilizando produtos cosm\u00e9ticos, t\u00e9cnicas e equipamentos com registro na Ag\u00eancia Nacional de Vigil\u00e2ncia Sanit\u00e1ria (Anvisa).<\/p><ul><li>Avaliar as condi\u00e7\u00f5es da pele por meio da anamnese, selecionar e executar procedimentos est\u00e9ticos faciais, corporais e capilares, al\u00e9m de orientar sobre os cuidados espec\u00edficos p\u00f3s procedimento.<\/li><li>Utilizar t\u00e9cnicas manuais, associadas ou n\u00e3o a equipamentos, tecnologias e produtos cosm\u00e9ticos.<\/li><li>Tratar da promo\u00e7\u00e3o, prote\u00e7\u00e3o, manuten\u00e7\u00e3o e recupera\u00e7\u00e3o est\u00e9tica da pele.<\/li><li>Avaliar e selecionar as t\u00e9cnicas e os cosm\u00e9ticos mais apropriados de acordo com as caracter\u00edsticas e necessidades do cliente\/paciente.).<\/li><li>Adotar os procedimentos de limpeza, desinfe\u00e7\u00e3o e esteriliza\u00e7\u00e3o dos equipamentos, instrumentos e de todos os utens\u00edlios utilizados na est\u00e9tica.<\/li><li>Observar as prescri\u00e7\u00f5es m\u00e9dicas ou de outros profissionais da sa\u00fade apresentadas pelo cliente, ou solicitar, ap\u00f3s exame da situa\u00e7\u00e3o, avalia\u00e7\u00e3o m\u00e9dica e\/ou de outro profissional da sa\u00fade, conforme necessidade.<\/li><li>Executar suas atividades em conformidade com as normas vigentes da vigil\u00e2ncia sanit\u00e1ria.<\/li><li>Interagir com fornecedores e outros profissionais de sa\u00fade, sobretudo o Esteticista, compondo equipes multidisciplinares.<\/li><li>Conhecimentos das pol\u00edticas p\u00fablicas de sa\u00fade e compreens\u00e3o de sua atua\u00e7\u00e3o profissional frente \u00e0s diretrizes, princ\u00edpios e estrutura organizacional do Sistema \u00danico de Sa\u00fade (SUS).<\/li><li>Conhecimentos e saberes relacionados aos princ\u00edpios das t\u00e9cnicas aplicadas na \u00e1rea e de biosseguran\u00e7a, sempre pautados numa postura humana e \u00e9tica.<\/li><li>Resolu\u00e7\u00e3o de situa\u00e7\u00f5es-problema, comunica\u00e7\u00e3o, trabalho em equipe e interdisciplinar, gest\u00e3o de conflitos e \u00e9tica profissional.<\/li><li>Organiza\u00e7\u00e3o, responsabilidade, iniciativa social, determina\u00e7\u00e3o e criatividade, buscando promover a humaniza\u00e7\u00e3o da assist\u00eancia.<\/li><li>Atualiza\u00e7\u00e3o e aperfei\u00e7oamento profissional por meio da educa\u00e7\u00e3o continuada.<\/li><\/ul>\t\t\t\t\t\t\t\t<\/div>\n\t\t\t\t<\/div>\n\t\t\t\t\t<\/div>\n\t\t<\/div>\n\t\t\t\t\t<\/div>\n\t\t<\/section>\n\t\t\t\t<section class=\"elementor-section elementor-top-section elementor-element elementor-element-d6511c5 elementor-section-boxed elementor-section-height-default elementor-section-height-default wpr-particle-no wpr-jarallax-no wpr-parallax-no wpr-sticky-section-no\" data-id=\"d6511c5\" data-element_type=\"section\">\n\t\t\t\t\t\t<div class=\"elementor-container elementor-column-gap-default\">\n\t\t\t\t\t<div class=\"elementor-column elementor-col-100 elementor-top-column elementor-element elementor-element-e849a75\" data-id=\"e849a75\" data-element_type=\"column\">\n\t\t\t<div class=\"elementor-widget-wrap elementor-element-populated\">\n\t\t\t\t\t\t<div class=\"elementor-element elementor-element-f952caa elementor-widget elementor-widget-spacer\" data-id=\"f952caa\" data-element_type=\"widget\" data-widget_type=\"spacer.default\">\n\t\t\t\t<div class=\"elementor-widget-container\">\n\t\t\t\t\t\t\t<div class=\"elementor-spacer\">\n\t\t\t<div class=\"elementor-spacer-inner\"><\/div>\n\t\t<\/div>\n\t\t\t\t\t\t<\/div>\n\t\t\t\t<\/div>\n\t\t\t\t\t<\/div>\n\t\t<\/div>\n\t\t\t\t\t<\/div>\n\t\t<\/section>\n\t\t\t\t<section class=\"elementor-section elementor-top-section elementor-element elementor-element-6e0215d elementor-section-boxed elementor-section-height-default elementor-section-height-default wpr-particle-no wpr-jarallax-no wpr-parallax-no wpr-sticky-section-no\" data-id=\"6e0215d\" data-element_type=\"section\">\n\t\t\t\t\t\t<div class=\"elementor-container elementor-column-gap-default\">\n\t\t\t\t\t<div class=\"elementor-column elementor-col-33 elementor-top-column elementor-element elementor-element-a7e7244\" data-id=\"a7e7244\" data-element_type=\"column\">\n\t\t\t<div class=\"elementor-widget-wrap elementor-element-populated\">\n\t\t\t\t\t\t<div class=\"elementor-element elementor-element-5ca94fd elementor-widget elementor-widget-text-editor\" data-id=\"5ca94fd\" data-element_type=\"widget\" data-widget_type=\"text-editor.default\">\n\t\t\t\t<div class=\"elementor-widget-container\">\n\t\t\t\t\t\t\t\t\t<p><strong>Para a atua\u00e7\u00e3o como T\u00e9cnico em Est\u00e9tica, s\u00e3o fundamentais:<\/strong><\/p><ul><li><p>Conhecimentos das pol\u00edticas p\u00fablicas de sa\u00fade e compreens\u00e3o de sua atua\u00e7\u00e3o profissional frente \u00e0s diretrizes, princ\u00edpios e estrutura organizacional do Sistema \u00danico de Sa\u00fade (SUS).<\/p><ul><li>Conhecimentos e saberes relacionados aos princ\u00edpios das t\u00e9cnicas aplicadas na \u00e1rea e de biosseguran\u00e7a, sempre pautados numa postura humana e \u00e9tica.<\/li><li>Resolu\u00e7\u00e3o de situa\u00e7\u00f5es-problema, comunica\u00e7\u00e3o, trabalho em equipe e interdisciplinar, gest\u00e3o de conflitos e \u00e9tica profissional.<\/li><li>Organiza\u00e7\u00e3o, responsabilidade, iniciativa social, determina\u00e7\u00e3o e criatividade, buscando promover a humaniza\u00e7\u00e3o da assist\u00eancia.<\/li><li>Atualiza\u00e7\u00e3o e aperfei\u00e7oamento profissional por meio da educa\u00e7\u00e3o continuada.<\/li><\/ul><\/li><\/ul>\t\t\t\t\t\t\t\t<\/div>\n\t\t\t\t<\/div>\n\t\t\t\t\t<\/div>\n\t\t<\/div>\n\t\t\t\t<div class=\"elementor-column elementor-col-33 elementor-top-column elementor-element elementor-element-625df52\" data-id=\"625df52\" data-element_type=\"column\" data-settings=\"{&quot;background_background&quot;:&quot;classic&quot;}\">\n\t\t\t<div class=\"elementor-widget-wrap elementor-element-populated\">\n\t\t\t\t\t\t<div class=\"elementor-element elementor-element-5edcaa3 elementor-widget elementor-widget-text-editor\" data-id=\"5edcaa3\" data-element_type=\"widget\" data-widget_type=\"text-editor.default\">\n\t\t\t\t<div class=\"elementor-widget-container\">\n\t\t\t\t\t\t\t\t\t<p><strong>Legisla\u00e7\u00e3o profissional<\/strong><\/p><p><u>Lei n\u00ba 13.643, de 3 de abril de 2018<\/u><\/p><p>BRASIL. Lei n\u00ba 13.643, de 3 de abril de 2018. Regulamenta as profiss\u00f5es de Esteticista, que compreende o Esteticista e Cosmet\u00f3logo, e de T\u00e9cnico em Est\u00e9tica. Di\u00e1rio Oficial da Uni\u00e3o, se\u00e7\u00e3o 1, 4\/4\/2018, p. 1.<\/p>\t\t\t\t\t\t\t\t<\/div>\n\t\t\t\t<\/div>\n\t\t\t\t\t<\/div>\n\t\t<\/div>\n\t\t\t\t<div class=\"elementor-column elementor-col-33 elementor-top-column elementor-element elementor-element-9bbce13\" data-id=\"9bbce13\" data-element_type=\"column\">\n\t\t\t<div class=\"elementor-widget-wrap elementor-element-populated\">\n\t\t\t\t\t\t<div class=\"elementor-element elementor-element-b83c323 elementor-widget elementor-widget-text-editor\" data-id=\"b83c323\" data-element_type=\"widget\" data-widget_type=\"text-editor.default\">\n\t\t\t\t<div class=\"elementor-widget-container\">\n\t\t\t\t\t\t\t\t\t<p><strong>Campo de atua\u00e7\u00e3o<\/strong><\/p><ul><li>Atendimentos em domic\u00edlio<\/li><li>Centros Est\u00e9ticos, Sal\u00f5es e Institutos de Beleza<\/li><li>Condom\u00ednios, Academias, Saunas, SPAs<\/li><li>Cl\u00ednicas M\u00e9dicas<\/li><li>Hot\u00e9is<\/li><li>Cruzeiros Mar\u00edtimos<\/li><li>Servi\u00e7os de Sa\u00fade, inclusive os que integram a\u00e7\u00f5es coletivas e sociais<\/li><\/ul>\t\t\t\t\t\t\t\t<\/div>\n\t\t\t\t<\/div>\n\t\t\t\t\t<\/div>\n\t\t<\/div>\n\t\t\t\t\t<\/div>\n\t\t<\/section>\n\t\t\t\t<section class=\"elementor-section elementor-top-section elementor-element elementor-element-ea28850 elementor-section-boxed elementor-section-height-default elementor-section-height-default wpr-particle-no wpr-jarallax-no wpr-parallax-no wpr-sticky-section-no\" data-id=\"ea28850\" data-element_type=\"section\">\n\t\t\t\t\t\t<div class=\"elementor-container elementor-column-gap-default\">\n\t\t\t\t\t<div class=\"elementor-column elementor-col-100 elementor-top-column elementor-element elementor-element-85e0adc\" data-id=\"85e0adc\" data-element_type=\"column\">\n\t\t\t<div class=\"elementor-widget-wrap elementor-element-populated\">\n\t\t\t\t\t\t<div class=\"elementor-element elementor-element-ce28bdf elementor-widget elementor-widget-spacer\" data-id=\"ce28bdf\" data-element_type=\"widget\" data-widget_type=\"spacer.default\">\n\t\t\t\t<div class=\"elementor-widget-container\">\n\t\t\t\t\t\t\t<div class=\"elementor-spacer\">\n\t\t\t<div class=\"elementor-spacer-inner\"><\/div>\n\t\t<\/div>\n\t\t\t\t\t\t<\/div>\n\t\t\t\t<\/div>\n\t\t\t\t\t<\/div>\n\t\t<\/div>\n\t\t\t\t\t<\/div>\n\t\t<\/section>\n\t\t\t\t<section class=\"elementor-section elementor-top-section elementor-element elementor-element-722cc878 elementor-section-boxed elementor-section-height-default elementor-section-height-default wpr-particle-no wpr-jarallax-no wpr-parallax-no wpr-sticky-section-no\" data-id=\"722cc878\" data-element_type=\"section\">\n\t\t\t\t\t\t<div class=\"elementor-container elementor-column-gap-default\">\n\t\t\t\t\t<div class=\"elementor-column elementor-col-100 elementor-top-column elementor-element elementor-element-55ab03f7\" data-id=\"55ab03f7\" data-element_type=\"column\">\n\t\t\t<div class=\"elementor-widget-wrap elementor-element-populated\">\n\t\t\t\t\t\t<div class=\"elementor-element elementor-element-214efa83 elementor-widget elementor-widget-heading\" data-id=\"214efa83\" data-element_type=\"widget\" data-widget_type=\"heading.default\">\n\t\t\t\t<div class=\"elementor-widget-container\">\n\t\t\t\t\t<h2 class=\"elementor-heading-title elementor-size-default\">Aten\u00e7\u00e3o!<br> Para garantir que voc\u00ea vai estudar em uma institui\u00e7\u00e3o com mais de 60 anos de tradi\u00e7\u00e3o e inova\u00e7\u00e3o, n\u00e3o se esque\u00e7a de escolher a unidade do Grupo Educacional Fupac\/Unipac mais perto de voc\u00ea!<\/h2>\t\t\t\t<\/div>\n\t\t\t\t<\/div>\n\t\t\t\t<div class=\"elementor-element elementor-element-42fdf625 elementor-align-center elementor-widget elementor-widget-button\" data-id=\"42fdf625\" data-element_type=\"widget\" data-widget_type=\"button.default\">\n\t\t\t\t<div class=\"elementor-widget-container\">\n\t\t\t\t\t\t\t\t\t<div class=\"elementor-button-wrapper\">\n\t\t\t\t\t<a class=\"elementor-button elementor-button-link elementor-size-sm\" href=\"https:\/\/www.trilhasdefuturo.mg.gov.br\/app\/verificacao\">\n\t\t\t\t\t\t<span class=\"elementor-button-content-wrapper\">\n\t\t\t\t\t\t\t\t\t<span class=\"elementor-button-text\">INSCREVA-SE AGORA!<\/span>\n\t\t\t\t\t<\/span>\n\t\t\t\t\t<\/a>\n\t\t\t\t<\/div>\n\t\t\t\t\t\t\t\t<\/div>\n\t\t\t\t<\/div>\n\t\t\t\t\t<\/div>\n\t\t<\/div>\n\t\t\t\t\t<\/div>\n\t\t<\/section>\n\t\t\t\t<\/div>\n\t\t","protected":false},"excerpt":{"rendered":"<p>INSCREVA-SE AGORA! T\u00e9cnico em Est\u00e9tica O T\u00e9cnico em Est\u00e9tica ser\u00e1 habilitado para: Executar procedimentos est\u00e9ticos faciais, corporais e capilares, utilizando produtos cosm\u00e9ticos, t\u00e9cnicas e equipamentos com registro na Ag\u00eancia Nacional de Vigil\u00e2ncia Sanit\u00e1ria (Anvisa). Avaliar as condi\u00e7\u00f5es da pele por meio da anamnese, selecionar e executar procedimentos est\u00e9ticos faciais, corporais e capilares, al\u00e9m de orientar sobre os cuidados espec\u00edficos p\u00f3s procedimento. Utilizar t\u00e9cnicas manuais, associadas ou n\u00e3o a equipamentos, tecnologias e produtos cosm\u00e9ticos. Tratar da promo\u00e7\u00e3o, prote\u00e7\u00e3o, manuten\u00e7\u00e3o e recupera\u00e7\u00e3o est\u00e9tica da pele. Avaliar e selecionar as t\u00e9cnicas e os cosm\u00e9ticos mais apropriados de acordo com as caracter\u00edsticas e necessidades do cliente\/paciente.). Adotar os procedimentos de limpeza, desinfe\u00e7\u00e3o e esteriliza\u00e7\u00e3o dos equipamentos, instrumentos e de todos os utens\u00edlios utilizados na est\u00e9tica. Observar as prescri\u00e7\u00f5es m\u00e9dicas ou de outros profissionais da sa\u00fade apresentadas pelo cliente, ou solicitar, ap\u00f3s exame da situa\u00e7\u00e3o, avalia\u00e7\u00e3o m\u00e9dica e\/ou de outro profissional da sa\u00fade, conforme necessidade. Executar suas atividades em conformidade com as normas vigentes da vigil\u00e2ncia sanit\u00e1ria. Interagir com fornecedores e outros profissionais de sa\u00fade, sobretudo o Esteticista, compondo equipes multidisciplinares. Conhecimentos das pol\u00edticas p\u00fablicas de sa\u00fade e compreens\u00e3o de sua atua\u00e7\u00e3o profissional frente \u00e0s diretrizes, princ\u00edpios e estrutura organizacional do Sistema \u00danico de Sa\u00fade (SUS). Conhecimentos e saberes relacionados aos princ\u00edpios das t\u00e9cnicas aplicadas na \u00e1rea e de biosseguran\u00e7a, sempre pautados numa postura humana e \u00e9tica. Resolu\u00e7\u00e3o de situa\u00e7\u00f5es-problema, comunica\u00e7\u00e3o, trabalho em equipe e interdisciplinar, gest\u00e3o de conflitos e \u00e9tica profissional. Organiza\u00e7\u00e3o, responsabilidade, iniciativa social, determina\u00e7\u00e3o e criatividade, buscando promover a humaniza\u00e7\u00e3o da assist\u00eancia. Atualiza\u00e7\u00e3o e aperfei\u00e7oamento profissional por meio da educa\u00e7\u00e3o continuada. Para a atua\u00e7\u00e3o como T\u00e9cnico em Est\u00e9tica, s\u00e3o fundamentais: Conhecimentos das pol\u00edticas p\u00fablicas de sa\u00fade e compreens\u00e3o de sua atua\u00e7\u00e3o profissional frente \u00e0s diretrizes, princ\u00edpios e estrutura organizacional do Sistema \u00danico de Sa\u00fade (SUS). Conhecimentos e saberes relacionados aos princ\u00edpios das t\u00e9cnicas aplicadas na \u00e1rea e de biosseguran\u00e7a, sempre pautados numa postura humana e \u00e9tica. Resolu\u00e7\u00e3o de situa\u00e7\u00f5es-problema, comunica\u00e7\u00e3o, trabalho em equipe e interdisciplinar, gest\u00e3o de conflitos e \u00e9tica profissional. Organiza\u00e7\u00e3o, responsabilidade, iniciativa social, determina\u00e7\u00e3o e criatividade, buscando promover a humaniza\u00e7\u00e3o da assist\u00eancia. Atualiza\u00e7\u00e3o e aperfei\u00e7oamento profissional por meio da educa\u00e7\u00e3o continuada. Legisla\u00e7\u00e3o profissional Lei n\u00ba 13.643, de 3 de abril de 2018 BRASIL. Lei n\u00ba 13.643, de 3 de abril de 2018. Regulamenta as profiss\u00f5es de Esteticista, que compreende o Esteticista e Cosmet\u00f3logo, e de T\u00e9cnico em Est\u00e9tica. Di\u00e1rio Oficial da Uni\u00e3o, se\u00e7\u00e3o 1, 4\/4\/2018, p. 1. Campo de atua\u00e7\u00e3o Atendimentos em domic\u00edlio Centros Est\u00e9ticos, Sal\u00f5es e Institutos de Beleza Condom\u00ednios, Academias, Saunas, SPAs Cl\u00ednicas M\u00e9dicas Hot\u00e9is Cruzeiros Mar\u00edtimos Servi\u00e7os de Sa\u00fade, inclusive os que integram a\u00e7\u00f5es coletivas e sociais Aten\u00e7\u00e3o! Para garantir que voc\u00ea vai estudar em uma institui\u00e7\u00e3o com mais de 60 anos de tradi\u00e7\u00e3o e inova\u00e7\u00e3o, n\u00e3o se esque\u00e7a de escolher a unidade do Grupo Educacional Fupac\/Unipac mais perto de voc\u00ea! INSCREVA-SE AGORA!<\/p>\n","protected":false},"author":1,"featured_media":0,"parent":0,"menu_order":0,"comment_status":"closed","ping_status":"closed","template":"","meta":{"footnotes":""},"class_list":["post-538","page","type-page","status-publish","hentry"],"_links":{"self":[{"href":"https:\/\/trilhasdefuturo.unipac.br\/index.php?rest_route=\/wp\/v2\/pages\/538","targetHints":{"allow":["GET"]}}],"collection":[{"href":"https:\/\/trilhasdefuturo.unipac.br\/index.php?rest_route=\/wp\/v2\/pages"}],"about":[{"href":"https:\/\/trilhasdefuturo.unipac.br\/index.php?rest_route=\/wp\/v2\/types\/page"}],"author":[{"embeddable":true,"href":"https:\/\/trilhasdefuturo.unipac.br\/index.php?rest_route=\/wp\/v2\/users\/1"}],"replies":[{"embeddable":true,"href":"https:\/\/trilhasdefuturo.unipac.br\/index.php?rest_route=%2Fwp%2Fv2%2Fcomments&post=538"}],"version-history":[{"count":19,"href":"https:\/\/trilhasdefuturo.unipac.br\/index.php?rest_route=\/wp\/v2\/pages\/538\/revisions"}],"predecessor-version":[{"id":1326,"href":"https:\/\/trilhasdefuturo.unipac.br\/index.php?rest_route=\/wp\/v2\/pages\/538\/revisions\/1326"}],"wp:attachment":[{"href":"https:\/\/trilhasdefuturo.unipac.br\/index.php?rest_route=%2Fwp%2Fv2%2Fmedia&parent=538"}],"curies":[{"name":"wp","href":"https:\/\/api.w.org\/{rel}","templated":true}]}}